{"id":10762,"date":"2024-05-04T14:09:27","date_gmt":"2024-05-04T06:09:27","guid":{"rendered":"https:\/\/www.omccable.com\/?post_type=product&#038;p=10762"},"modified":"2025-07-28T09:53:42","modified_gmt":"2025-07-28T01:53:42","slug":"1f-fig-8-self-supporting-ftth-drop-cable-2-0x5-0mm","status":"publish","type":"product","link":"https:\/\/www.omccable.com\/de\/produkt\/1f-fig-8-self-supporting-ftth-drop-cable-2-0x5-0mm\/","title":{"rendered":"1F Abb. 8 Selbsttragendes FTTH-Abzweigkabel 2,0\u00d75,0 mm"},"content":{"rendered":"<p>1F Abb. 8 Das selbsttragende FTTH-Drop-Kabel ist eine Art selbsttragendes FTTH-Drop-Kabel f\u00fcr die Luftinstallation. Dieses Kabel hat die Form einer Acht. Der Kabelteil ist ein rundes Kabel mit 2,0 mm Au\u00dfendurchmesser. Das selbsttragende Element ist ein Stahldrahtstrang, der aus 7 St\u00fccken 0,33 mm Stahldraht besteht. Diese bilden ein starkes, selbsttragendes Mitglied. Dies ist also eine sehr gute Wahl f\u00fcr eine FTTH-Luftverkabelungsl\u00f6sung.<\/p>\n<p>&nbsp;<\/p>\n<p><strong><b>Kabelparameter<\/b><\/strong><\/p>\n<table>\n<tbody>\n<tr>\n<td colspan=\"2\" width=\"339\"><strong><b>Artikel<\/b><\/strong><\/td>\n<td width=\"360\"><strong><b>Spezifikationen<\/b><\/strong><\/td>\n<\/tr>\n<tr>\n<td colspan=\"2\" width=\"339\">Anzahl der Fasern<\/td>\n<td width=\"360\">1<\/td>\n<\/tr>\n<tr>\n<td rowspan=\"3\" width=\"164\">Halbdichte Pufferfaser<\/td>\n<td width=\"174\">Dimension<\/td>\n<td width=\"360\">0,87 \u00b1 0,05 mm<\/td>\n<\/tr>\n<tr>\n<td width=\"174\">Material<\/td>\n<td width=\"360\">PVC&amp;LSZH<\/td>\n<\/tr>\n<tr>\n<td width=\"174\">Farbe<\/td>\n<td width=\"360\">Blau<\/td>\n<\/tr>\n<tr>\n<td rowspan=\"3\" width=\"164\">Jacke<\/td>\n<td width=\"174\">Dimension<\/td>\n<td width=\"360\">(2,0 \u00b1 0,1) mm \u00d7 (2,5 \u00b1 0,1) mm \u2013 (4,9 \u00b1 0,2) mm<\/td>\n<\/tr>\n<tr>\n<td width=\"174\">Material<\/td>\n<td width=\"360\">LSZH mit UV-Schutz<\/td>\n<\/tr>\n<tr>\n<td width=\"174\">Farbe<\/td>\n<td width=\"360\">Schwarz<\/td>\n<\/tr>\n<tr>\n<td colspan=\"2\" width=\"339\">St\u00e4rkemitglied<\/td>\n<td width=\"360\">Aramidgarn<\/td>\n<\/tr>\n<tr>\n<td colspan=\"2\" width=\"339\">Selbsttragendes Mitglied<\/td>\n<td width=\"360\">Verzinkter Stahldraht 7*0,33 mm<\/td>\n<\/tr>\n<tr>\n<td colspan=\"2\" width=\"339\">Gewicht des Kabels<\/td>\n<td width=\"360\">ca. 13 kg\/km<\/td>\n<\/tr>\n<\/tbody>\n<\/table>\n<p><strong><b>\u00a0<\/b><\/strong><\/p>\n<p><strong>Mechanische Eigenschaften<\/strong><\/p>\n<table>\n<tbody>\n<tr>\n<td width=\"374\"><strong><b>Artikel<\/b><\/strong><\/td>\n<td width=\"132\"><strong><b>Vereinigen<\/b><\/strong><\/td>\n<td width=\"190\"><strong><b>Spezifikationen<\/b><\/strong><\/td>\n<\/tr>\n<tr>\n<td width=\"374\">Spannung (langfristig)<\/td>\n<td width=\"132\">N<\/td>\n<td width=\"190\">300<\/td>\n<\/tr>\n<tr>\n<td width=\"374\">Spannung (kurzfristig)<\/td>\n<td width=\"132\">N<\/td>\n<td width=\"190\">600<\/td>\n<\/tr>\n<tr>\n<td width=\"374\">Crush (langfristig)<\/td>\n<td width=\"132\">N\/10cm<\/td>\n<td width=\"190\">100<\/td>\n<\/tr>\n<tr>\n<td width=\"374\">Crush (kurzfristig)<\/td>\n<td width=\"132\">N\/10cm<\/td>\n<td width=\"190\">500<\/td>\n<\/tr>\n<tr>\n<td width=\"374\">Min. Biegeradius (dynamisch)<\/td>\n<td width=\"132\">mm<\/td>\n<td width=\"190\">20D<\/td>\n<\/tr>\n<tr>\n<td width=\"374\">Min. Biegeradius (statisch)<\/td>\n<td width=\"132\">mm<\/td>\n<td width=\"190\">10D<\/td>\n<\/tr>\n<\/tbody>\n<\/table>\n<p><strong>\u00a0<\/strong><\/p>\n<p><strong>UMWELTPARAMETER<\/strong><\/p>\n<table>\n<tbody>\n<tr>\n<td width=\"198\"><strong>Artikel<\/strong><\/td>\n<td width=\"226\"><strong>Standard<\/strong><\/td>\n<td width=\"273\"><strong>Spezifikation<\/strong><\/td>\n<\/tr>\n<tr>\n<td rowspan=\"2\" width=\"198\">Umwelt<\/td>\n<td width=\"226\">IEC-60794-1-22-F5B<\/td>\n<td width=\"273\">Kein Eindringen von Wasser<\/td>\n<\/tr>\n<tr>\n<td width=\"226\">IEC-60794-1-22-F9<\/td>\n<td width=\"273\">\u22640,1 dB\/km max. D\u00e4mpfungs\u00e4nderung erlaubt<\/td>\n<\/tr>\n<tr>\n<td width=\"198\">Anwendungstemperaturbereich<\/td>\n<td width=\"226\">Anwendungstemperaturbereich \u2103<\/td>\n<td width=\"273\">Betrieb:  \u2013 10 \u2103 ~ +70 \u2103<\/p>\n<p>Installation: -40\u2103 bis +70\u2103<\/p>\n<p>Lagerung\/Transport:  \u2013 40 \u2103 ~ +70 \u2103<\/td>\n<\/tr>\n<\/tbody>\n<\/table>\n<p>&nbsp;<\/p>\n<p><strong>Anwendung<\/strong><\/p>\n<p>Au\u00dfenantennenanwendung<\/p>\n<p>Wird in den FTTH-Projekten verwendet<\/p>\n<p>Optische Hochgeschwindigkeitsstrecken im Geb\u00e4ude<\/p>\n<p>Hochleistungsf\u00e4higer optischer Netzwerkbetrieb<\/p>\n<p><strong>Kabel<\/strong><strong>\u00a0Markierung<\/strong><\/p>\n<p><strong>Marke Herstellungsdatum (YR\/MT)  Modell  Anzahl der Kerne  Kategorie  Tr\u00e4ger  Anzahl der Rollenz\u00e4hler (xxxxM)<\/strong><\/p>\n<p>&nbsp;<\/p>\n<p>*OEM-KENNZEICHNUNG IST VERF\u00dcGBAR. Die Markierung kann je nach Kundenwunsch ge\u00e4ndert werden.<\/p>\n<p>&nbsp;<\/p>\n<p><strong>Art und Eigenschaften optischer Fasern<\/strong><\/p>\n<table>\n<tbody>\n<tr>\n<td rowspan=\"2\" width=\"107\"><strong><b>Parameter<\/b><\/strong><\/td>\n<td rowspan=\"2\" width=\"138\"><strong><b>Bedingungen<\/b><\/strong><\/td>\n<td rowspan=\"2\" width=\"90\"><strong><b>Einheiten<\/b><\/strong><\/td>\n<td colspan=\"4\" width=\"344\"><strong><b>Wert<\/b><\/strong><\/td>\n<\/tr>\n<tr>\n<td width=\"87\"><strong><b>G652D<\/b><\/strong><\/td>\n<td width=\"87\"><strong><b>G657A1<\/b><\/strong><\/td>\n<td width=\"87\"><strong><b>G657A2<\/b><\/strong><\/td>\n<td width=\"80\"><strong><b>G657B3<\/b><\/strong><\/td>\n<\/tr>\n<tr>\n<td colspan=\"3\" width=\"336\"><strong><b>Optische Spezifikation<\/b><\/strong><\/td>\n<td colspan=\"4\" width=\"344\"><\/td>\n<\/tr>\n<tr>\n<td rowspan=\"6\" width=\"107\">D\u00e4mpfung<\/td>\n<td width=\"138\">850 nm<\/td>\n<td width=\"90\">dB\/km<\/td>\n<td width=\"87\">\u2013<\/td>\n<td width=\"87\">\u2013<\/td>\n<td width=\"87\">\u2013<\/td>\n<td width=\"80\">\u2013<\/td>\n<\/tr>\n<tr>\n<td width=\"138\">1300 nm<\/td>\n<td width=\"90\">dB\/km<\/td>\n<td width=\"87\">\u2013<\/td>\n<td width=\"87\">\u2013<\/td>\n<td width=\"87\">\u2013<\/td>\n<td width=\"80\">\u2013<\/td>\n<\/tr>\n<tr>\n<td width=\"138\">1310 nm<\/td>\n<td width=\"90\">dB\/km<\/td>\n<td width=\"87\">\u2264 0,350<\/td>\n<td width=\"87\">\u2264 0,350<\/td>\n<td width=\"87\">\u2264 0,350<\/td>\n<td width=\"80\">\u2264 0,350<\/td>\n<\/tr>\n<tr>\n<td width=\"138\">1383 nm<\/td>\n<td width=\"90\">dB\/km<\/td>\n<td width=\"87\">\u2264 0,330<\/td>\n<td width=\"87\">\u2264 0,350<\/td>\n<td width=\"87\">\u2264 0,350<\/td>\n<td width=\"80\">\u2264 0,350<\/td>\n<\/tr>\n<tr>\n<td width=\"138\">1550 nm<\/td>\n<td width=\"90\">dB\/km<\/td>\n<td width=\"87\">\u2264 0,210<\/td>\n<td width=\"87\">\u2264 0,210<\/td>\n<td width=\"87\">\u2264 0,210<\/td>\n<td width=\"80\">\u2264 0,210<\/td>\n<\/tr>\n<tr>\n<td width=\"138\">1625 nm<\/td>\n<td width=\"90\">dB\/km<\/td>\n<td width=\"87\">\u2264 0,240<\/td>\n<td width=\"87\">\u2264 0,230<\/td>\n<td width=\"87\">\u2264 0,230<\/td>\n<td width=\"80\">\u2264 0,230<\/td>\n<\/tr>\n<tr>\n<td rowspan=\"3\" width=\"107\">D\u00e4mpfung vs. Wellenl\u00e4nge<\/td>\n<td width=\"138\">1310 nm VS. 1285-1330 nm<\/td>\n<td width=\"90\">dB\/km<\/td>\n<td width=\"87\">\u2264 0,04<\/td>\n<td width=\"87\">\u2264 0,04<\/td>\n<td width=\"87\">\u2264 0,05<\/td>\n<td width=\"80\">\u2264 0,03<\/td>\n<\/tr>\n<tr>\n<td width=\"138\">1550 nm VS. 1525\u20131575 nm<\/td>\n<td width=\"90\">dB\/km<\/td>\n<td width=\"87\">\u2264 0,03<\/td>\n<td width=\"87\">\u2264 0,03<\/td>\n<td width=\"87\">\u2264 0,04<\/td>\n<td width=\"80\">\u2264 0,02<\/td>\n<\/tr>\n<tr>\n<td width=\"138\">1550 nm VS. 1480-1580 nm<\/td>\n<td width=\"90\">dB\/km<\/td>\n<td width=\"87\">\u2264 0,04<\/td>\n<td width=\"87\">\u2013<\/td>\n<td width=\"87\">\u2013<\/td>\n<td width=\"80\">\u2013<\/td>\n<\/tr>\n<tr>\n<td width=\"107\">Nulldispersionswellenl\u00e4nge<\/td>\n<td rowspan=\"2\" width=\"138\">\\<\/td>\n<td width=\"90\">nm<\/td>\n<td width=\"87\">1300-1324<\/td>\n<td width=\"87\">1300-1324<\/td>\n<td width=\"87\">1300-1324<\/td>\n<td width=\"80\">1300-1324<\/td>\n<\/tr>\n<tr>\n<td width=\"107\">Nulldispersionssteigung<\/td>\n<td width=\"90\">ps\/(nm2\u00b7km)<\/td>\n<td width=\"87\">0.073-0.092<\/td>\n<td width=\"87\">0.073-0.092<\/td>\n<td width=\"87\">0.073-0.092<\/td>\n<td width=\"80\">\u2264 0,092<\/td>\n<\/tr>\n<tr>\n<td rowspan=\"2\" width=\"107\">Streuung<\/td>\n<td width=\"138\">1550 nm<\/td>\n<td width=\"90\">ps\/(nm\u00b7km)<\/td>\n<td width=\"87\">13.3-18.6<\/td>\n<td width=\"87\">13.3-18.6<\/td>\n<td width=\"87\">13.3-18.6<\/td>\n<td width=\"80\"><\/td>\n<\/tr>\n<tr>\n<td width=\"138\">1625 nm<\/td>\n<td width=\"90\">ps\/(nm\u00b7km)<\/td>\n<td width=\"87\">17.2-23.7<\/td>\n<td width=\"87\">17.2-23.7<\/td>\n<td width=\"87\">17.2-23.7<\/td>\n<td width=\"80\"><\/td>\n<\/tr>\n<tr>\n<td colspan=\"2\" width=\"245\">Polarisationsmodendispersion (PMD)<\/td>\n<td width=\"90\">ps\/\u221akm<\/td>\n<td width=\"87\">\u22640,2<\/td>\n<td width=\"87\">\u22640,2<\/td>\n<td width=\"87\">\u22640,2<\/td>\n<td width=\"80\">\u22640,2<\/td>\n<\/tr>\n<tr>\n<td width=\"107\">Grenzwellenl\u00e4nge \u03bbcc<\/td>\n<td width=\"138\">\u2013<\/td>\n<td width=\"90\">nm<\/td>\n<td width=\"87\">\u22641260<\/td>\n<td width=\"87\">\u22641260<\/td>\n<td width=\"87\">\u22641260<\/td>\n<td width=\"80\">\u22641260<\/td>\n<\/tr>\n<tr>\n<td rowspan=\"2\" width=\"107\">Modenfelddurchmesser (MFD)<\/td>\n<td width=\"138\">1310 nm<\/td>\n<td width=\"90\">\u03bcm<\/td>\n<td width=\"87\">9,2 \u00b1 0,4<\/td>\n<td width=\"87\">9,2 \u00b1 0,4<\/td>\n<td width=\"87\">8,6 \u00b1 0,4<\/td>\n<td width=\"80\">8,6 \u00b1 0,4<\/td>\n<\/tr>\n<tr>\n<td width=\"138\">1550 nm<\/td>\n<td width=\"90\">\u03bcm<\/td>\n<td width=\"87\">10,4 \u00b1 0,5<\/td>\n<td width=\"87\">10,4 \u00b1 0,5<\/td>\n<td width=\"87\">9,6 \u00b1 0,5<\/td>\n<td width=\"80\">9,6 \u00b1 0,5<\/td>\n<\/tr>\n<tr>\n<td rowspan=\"2\" width=\"107\">D\u00e4mpfungsdiskontinuit\u00e4t<\/td>\n<td width=\"138\">1310 nm<\/td>\n<td width=\"90\">dB<\/td>\n<td width=\"87\">\u22640,03<\/td>\n<td width=\"87\">\u22640,03<\/td>\n<td width=\"87\">\u22640,03<\/td>\n<td width=\"80\">\u22640,03<\/td>\n<\/tr>\n<tr>\n<td width=\"138\">1550 nm<\/td>\n<td width=\"90\">dB<\/td>\n<td width=\"87\">\u22640,03<\/td>\n<td width=\"87\">\u22640,03<\/td>\n<td width=\"87\">\u22640,03<\/td>\n<td width=\"80\">\u22640,03<\/td>\n<\/tr>\n<tr>\n<td rowspan=\"2\" width=\"107\">Bidirektionale D\u00e4mpfung<\/td>\n<td width=\"138\">1310 nm<\/td>\n<td width=\"90\">dB\/km<\/td>\n<td width=\"87\">\u22640,04<\/td>\n<td width=\"87\"><\/td>\n<td width=\"87\"><\/td>\n<td width=\"80\">\u22640,05<\/td>\n<\/tr>\n<tr>\n<td width=\"138\">1550 nm<\/td>\n<td width=\"90\">dB\/km<\/td>\n<td width=\"87\">\u22640,04<\/td>\n<td width=\"87\"><\/td>\n<td width=\"87\"><\/td>\n<td width=\"80\">\u22640,05<\/td>\n<\/tr>\n<tr>\n<td colspan=\"3\" width=\"336\"><strong><b>Geometrisch<\/b><\/strong><\/td>\n<td colspan=\"4\" width=\"344\"><\/td>\n<\/tr>\n<tr>\n<td colspan=\"2\" width=\"245\">Manteldurchmesser<\/td>\n<td width=\"90\">\u03bcm<\/td>\n<td width=\"87\">125\u00b10,7<\/td>\n<td width=\"87\">125\u00b10,7<\/td>\n<td width=\"87\">125\u00b10,7<\/td>\n<td width=\"80\">125\u00b10,7<\/td>\n<\/tr>\n<tr>\n<td colspan=\"2\" width=\"245\">Unrundheit der Verkleidung<\/td>\n<td width=\"90\">%<\/td>\n<td width=\"87\">\u22641,0<\/td>\n<td width=\"87\">\u22641,0<\/td>\n<td width=\"87\">\u22640,8<\/td>\n<td width=\"80\">\u22640,7<\/td>\n<\/tr>\n<tr>\n<td colspan=\"2\" width=\"245\">Kern-\/Mantel-Konzentrizit\u00e4tsfehler<\/td>\n<td width=\"90\">\u03bcm<\/td>\n<td width=\"87\">\u22640,6<\/td>\n<td width=\"87\">\u22640,5<\/td>\n<td width=\"87\">\u22640,5<\/td>\n<td width=\"80\">\u22640,5<\/td>\n<\/tr>\n<tr>\n<td colspan=\"2\" rowspan=\"2\" width=\"245\">Beschichtungsdurchmesser (ungef\u00e4rbt)<\/td>\n<td width=\"90\">\u03bcm<\/td>\n<td colspan=\"4\" width=\"344\">242\u00b17 (Standard)<\/td>\n<\/tr>\n<tr>\n<td width=\"90\">\u03bcm<\/td>\n<td colspan=\"4\" width=\"344\">200\u00b110 (optional)<\/td>\n<\/tr>\n<tr>\n<td colspan=\"2\" width=\"245\">Konzentrizit\u00e4tsfehler der Beschichtung\/Verkleidung<\/td>\n<td width=\"90\">\u03bcm<\/td>\n<td width=\"87\">\u226412<\/td>\n<td width=\"87\">\u226412<\/td>\n<td width=\"87\">\u226412<\/td>\n<td width=\"80\">\u226412<\/td>\n<\/tr>\n<tr>\n<td colspan=\"2\" width=\"245\">Locken<\/td>\n<td width=\"90\">m<\/td>\n<td width=\"87\">\u22654<\/td>\n<td width=\"87\">\u22654<\/td>\n<td width=\"87\">\u22654<\/td>\n<td width=\"80\">\u22654<\/td>\n<\/tr>\n<tr>\n<td colspan=\"3\" width=\"336\"><strong><b>Umwelt (1550 nm, 1625 nm)<\/b><\/strong><\/td>\n<td colspan=\"4\" width=\"344\"><\/td>\n<\/tr>\n<tr>\n<td width=\"107\">Temperaturwechsel<\/td>\n<td width=\"138\">-60\u2103 bis +85\u2103<\/td>\n<td width=\"90\">dB\/km<\/td>\n<td width=\"87\">\u22640,03<\/td>\n<td width=\"87\">\u22640,05<\/td>\n<td width=\"87\">\u22640,05<\/td>\n<td width=\"80\">\u22640,05<\/td>\n<\/tr>\n<tr>\n<td width=\"107\">Hohe Temperatur &amp;<\/p>\n<p>Hohe Luftfeuchtigkeit<\/td>\n<td width=\"138\">85\u2103, 85% RH, 30 Tage<\/td>\n<td width=\"90\">dB\/km<\/td>\n<td width=\"87\">\u22640,03<\/td>\n<td width=\"87\">\u22640,05<\/td>\n<td width=\"87\">\u22640,05<\/td>\n<td width=\"80\">\u22640,05<\/td>\n<\/tr>\n<tr>\n<td width=\"107\">Eintauchen in Wasser<\/td>\n<td width=\"138\">23\u2103, 30 Tage<\/td>\n<td width=\"90\">dB\/km<\/td>\n<td width=\"87\">\u22640,03<\/td>\n<td width=\"87\">\u22640,05<\/td>\n<td width=\"87\">\u22640,05<\/td>\n<td width=\"80\">\u22640,05<\/td>\n<\/tr>\n<tr>\n<td width=\"107\">Hochtemperaturalterung<\/td>\n<td width=\"138\">85\u2103, 30 Tage<\/td>\n<td width=\"90\">dB\/km<\/td>\n<td width=\"87\">\u22640,03<\/td>\n<td width=\"87\">\u22640,05<\/td>\n<td width=\"87\">\u22640,05<\/td>\n<td width=\"80\">\u22640,05<\/td>\n<\/tr>\n<\/tbody>\n<\/table>","protected":false},"excerpt":{"rendered":"<p>1F Abb. 8 Das selbsttragende FTTH-Drop-Kabel ist eine Art selbsttragendes FTTH-Drop-Kabel f\u00fcr die Luftinstallation. Dieses Kabel hat die Form einer Acht. Der Kabelteil ist ein rundes Kabel mit 2,0 mm Au\u00dfendurchmesser. Das selbsttragende Element ist ein Stahldrahtstrang, der aus 7 [\u2026]<\/p>","protected":false},"featured_media":10764,"comment_status":"closed","ping_status":"closed","template":"","meta":{"site-sidebar-layout":"default","site-content-layout":"","ast-site-content-layout":"default","site-content-style":"default","site-sidebar-style":"default","ast-global-header-display":"","ast-banner-title-visibility":"","ast-main-header-display":"","ast-hfb-above-header-display":"","ast-hfb-below-header-display":"","ast-hfb-mobile-header-display":"","site-post-title":"","ast-breadcrumbs-content":"","ast-featured-img":"","footer-sml-layout":"","theme-transparent-header-meta":"default","adv-header-id-meta":"","stick-header-meta":"default","header-above-stick-meta":"","header-main-stick-meta":"","header-below-stick-meta":"","astra-migrate-meta-layouts":"set","ast-page-background-enabled":"default","ast-page-background-meta":{"desktop":{"background-color":"var(--ast-global-color-4)","background-image":"","background-repeat":"repeat","background-position":"center center","background-size":"auto","background-attachment":"scroll","background-type":"","background-media":"","overlay-type":"","overlay-color":"","overlay-gradient":""},"tablet":{"background-color":"","background-image":"","background-repeat":"repeat","background-position":"center center","background-size":"auto","background-attachment":"scroll","background-type":"","background-media":"","overlay-type":"","overlay-color":"","overlay-gradient":""},"mobile":{"background-color":"","background-image":"","background-repeat":"repeat","background-position":"center center","background-size":"auto","background-attachment":"scroll","background-type":"","background-media":"","overlay-type":"","overlay-color":"","overlay-gradient":""}},"ast-content-background-meta":{"desktop":{"background-color":"var(--ast-global-color-5)","background-image":"","background-repeat":"repeat","background-position":"center center","background-size":"auto","background-attachment":"scroll","background-type":"","background-media":"","overlay-type":"","overlay-color":"","overlay-gradient":""},"tablet":{"background-color":"var(--ast-global-color-5)","background-image":"","background-repeat":"repeat","background-position":"center center","background-size":"auto","background-attachment":"scroll","background-type":"","background-media":"","overlay-type":"","overlay-color":"","overlay-gradient":""},"mobile":{"background-color":"var(--ast-global-color-5)","background-image":"","background-repeat":"repeat","background-position":"center center","background-size":"auto","background-attachment":"scroll","background-type":"","background-media":"","overlay-type":"","overlay-color":"","overlay-gradient":""}}},"product_cat":[164,122],"product_tag":[],"class_list":{"0":"post-10762","1":"product","2":"type-product","3":"status-publish","4":"has-post-thumbnail","6":"product_cat-fig-8-aerial-ftth-drop-cable","7":"product_cat-ftth-drop-cable","8":"desktop-align-left","9":"tablet-align-left","10":"mobile-align-left","11":"ast-product-gallery-layout-horizontal-slider","12":"ast-product-tabs-layout-horizontal","14":"first","15":"instock","16":"shipping-taxable","17":"product-type-simple"},"acf":[],"_links":{"self":[{"href":"https:\/\/www.omccable.com\/de\/wp-json\/wp\/v2\/product\/10762","targetHints":{"allow":["GET"]}}],"collection":[{"href":"https:\/\/www.omccable.com\/de\/wp-json\/wp\/v2\/product"}],"about":[{"href":"https:\/\/www.omccable.com\/de\/wp-json\/wp\/v2\/types\/product"}],"replies":[{"embeddable":true,"href":"https:\/\/www.omccable.com\/de\/wp-json\/wp\/v2\/comments?post=10762"}],"version-history":[{"count":3,"href":"https:\/\/www.omccable.com\/de\/wp-json\/wp\/v2\/product\/10762\/revisions"}],"predecessor-version":[{"id":13267,"href":"https:\/\/www.omccable.com\/de\/wp-json\/wp\/v2\/product\/10762\/revisions\/13267"}],"wp:featuredmedia":[{"embeddable":true,"href":"https:\/\/www.omccable.com\/de\/wp-json\/wp\/v2\/media\/10764"}],"wp:attachment":[{"href":"https:\/\/www.omccable.com\/de\/wp-json\/wp\/v2\/media?parent=10762"}],"wp:term":[{"taxonomy":"product_cat","embeddable":true,"href":"https:\/\/www.omccable.com\/de\/wp-json\/wp\/v2\/product_cat?post=10762"},{"taxonomy":"product_tag","embeddable":true,"href":"https:\/\/www.omccable.com\/de\/wp-json\/wp\/v2\/product_tag?post=10762"}],"curies":[{"name":"wp","href":"https:\/\/api.w.org\/{rel}","templated":true}]}}