{"id":10758,"date":"2024-05-04T14:00:26","date_gmt":"2024-05-04T06:00:26","guid":{"rendered":"https:\/\/www.omccable.com\/?post_type=product&#038;p=10758"},"modified":"2024-07-27T11:21:24","modified_gmt":"2024-07-27T03:21:24","slug":"1f-4f-4-5mm-lszh-ftth-drop-cable-g657a2-1000n","status":"publish","type":"product","link":"https:\/\/www.omccable.com\/de\/produkt\/1f-4f-4-5mm-lszh-ftth-drop-cable-g657a2-1000n\/","title":{"rendered":"1F-4F 4,5 mm LSZH FTTH Drop-Kabel G657A2 500N"},"content":{"rendered":"<p>Dies ist ein rundes 4,5-mm-Softkabel, das f\u00fcr FTTH-Projekte verwendet wird.<\/p>\n<p>&nbsp;<\/p>\n<p><strong>Kabelstruktur und Parameter<\/strong><\/p>\n<p>Hinweis: Gr\u00f6\u00dfen und Werte ohne Toleranzen sind Nennwerte<\/p>\n<table>\n<tbody>\n<tr>\n<td width=\"122\"><strong><b>Artikel<\/b><\/strong><\/td>\n<td width=\"139\"><strong><b>Inhalt<\/b><\/strong><\/td>\n<td width=\"54\"><strong><b>Einheit<\/b><\/strong><\/td>\n<td colspan=\"3\" width=\"324\"><strong><b>Wert<\/b><\/strong><\/td>\n<\/tr>\n<tr>\n<td rowspan=\"3\" width=\"122\">Optische Faser<\/td>\n<td width=\"139\">Modellnummer<\/td>\n<td width=\"54\">\/<\/td>\n<td colspan=\"3\" width=\"324\">G657A2<\/td>\n<\/tr>\n<tr>\n<td width=\"139\">Zahl<\/td>\n<td width=\"54\">\/<\/td>\n<td width=\"147\">1<\/td>\n<td width=\"88\">2<\/td>\n<td width=\"88\">4<\/td>\n<\/tr>\n<tr>\n<td width=\"139\">Farbe<\/td>\n<td width=\"54\">\/<\/td>\n<td colspan=\"3\" width=\"324\">Natur\u3001Natur\u3001Natur\u3001Natur<\/td>\n<\/tr>\n<tr>\n<td rowspan=\"3\" width=\"122\">Enger Puffer<\/td>\n<td width=\"139\">Farbe<\/td>\n<td width=\"54\">\/<\/td>\n<td colspan=\"3\" width=\"324\">Blau, Orange, Gr\u00fcn, Braun<\/td>\n<\/tr>\n<tr>\n<td width=\"139\">Material<\/td>\n<td width=\"54\">\/<\/td>\n<td colspan=\"3\" width=\"324\">LSZH<\/td>\n<\/tr>\n<tr>\n<td width=\"139\">Durchmesser<\/td>\n<td width=\"54\">mm<\/td>\n<td colspan=\"3\" width=\"324\">0,9 \u00b1 0,05<\/td>\n<\/tr>\n<tr>\n<td rowspan=\"2\" width=\"122\">Kraftmitglied<\/td>\n<td width=\"139\">Material<\/td>\n<td width=\"54\">1<\/td>\n<td colspan=\"3\" width=\"324\">Aramidgarn<\/td>\n<\/tr>\n<tr>\n<td width=\"139\">Material<\/td>\n<td width=\"54\">2<\/td>\n<td colspan=\"3\" width=\"324\">Glasfasergarn<\/td>\n<\/tr>\n<tr>\n<td rowspan=\"3\" width=\"122\">Au\u00dfenjacke<\/td>\n<td width=\"139\">Durchmesser<\/td>\n<td width=\"54\">mm<\/td>\n<td colspan=\"3\" width=\"324\">4,5 \u00b1 0,3<\/td>\n<\/tr>\n<tr>\n<td width=\"139\">Material<\/td>\n<td width=\"54\">\/<\/td>\n<td colspan=\"3\" width=\"324\">LSZH<\/td>\n<\/tr>\n<tr>\n<td width=\"139\">Farbe<\/td>\n<td width=\"54\">\/<\/td>\n<td colspan=\"3\" width=\"324\">wei\u00df<\/td>\n<\/tr>\n<tr>\n<td colspan=\"2\" width=\"262\">Kabeld\u00e4mpfung<\/td>\n<td width=\"54\">dB\/km<\/td>\n<td colspan=\"3\" width=\"324\">\u2266 0,4 bei 1310 nm,  \u2266 0,3 bei 1550 nm<\/td>\n<\/tr>\n<tr>\n<td colspan=\"2\" width=\"262\">Kabelgewicht (ca.)<\/td>\n<td width=\"54\">kg\/km<\/td>\n<td width=\"147\">21.9<\/td>\n<td width=\"88\">23<\/td>\n<td width=\"88\">25<\/td>\n<\/tr>\n<\/tbody>\n<\/table>\n<p>&nbsp;<\/p>\n<p><strong><b>Art und Eigenschaften optischer Fasern<\/b><\/strong><\/p>\n<table>\n<tbody>\n<tr>\n<td rowspan=\"2\" width=\"186\"><strong><b>Parameter<\/b><\/strong><\/td>\n<td rowspan=\"2\" width=\"95\"><strong><b>Bedingungen<\/b><\/strong><\/td>\n<td rowspan=\"2\" width=\"84\"><strong><b>Einheiten<\/b><\/strong><\/td>\n<td colspan=\"4\" width=\"328\"><strong><b>Wert<\/b><\/strong><\/td>\n<\/tr>\n<tr>\n<td width=\"84\"><strong><b>G652D<\/b><\/strong><\/td>\n<td width=\"84\"><strong><b>G657A1<\/b><\/strong><\/td>\n<td width=\"84\"><strong><b>G657A2<\/b><\/strong><\/td>\n<td width=\"75\"><strong><b>G657B3<\/b><\/strong><\/td>\n<\/tr>\n<tr>\n<td colspan=\"3\" width=\"366\"><strong><b>Optische Spezifikation<\/b><\/strong><\/td>\n<td colspan=\"4\" width=\"328\"><strong><b>\u3000<\/b><\/strong><\/td>\n<\/tr>\n<tr>\n<td rowspan=\"4\" width=\"186\">D\u00e4mpfung<\/td>\n<td width=\"95\">1310 nm<\/td>\n<td width=\"84\">dB\/km<\/td>\n<td width=\"84\">\u22640,350<\/td>\n<td width=\"84\">\u22640,350<\/td>\n<td width=\"84\">\u22640,350<\/td>\n<td width=\"75\">\u22640,350<\/td>\n<\/tr>\n<tr>\n<td width=\"95\">1383 nm<\/td>\n<td width=\"84\">dB\/km<\/td>\n<td width=\"84\">\u22640,330<\/td>\n<td width=\"84\">\u22640,350<\/td>\n<td width=\"84\">\u22640,350<\/td>\n<td width=\"75\">\u22640,350<\/td>\n<\/tr>\n<tr>\n<td width=\"95\">1550 nm<\/td>\n<td width=\"84\">dB\/km<\/td>\n<td width=\"84\">\u22640,210<\/td>\n<td width=\"84\">\u22640,210<\/td>\n<td width=\"84\">\u22640,210<\/td>\n<td width=\"75\">\u22640,210<\/td>\n<\/tr>\n<tr>\n<td width=\"95\">1625 nm<\/td>\n<td width=\"84\">dB\/km<\/td>\n<td width=\"84\">\u22640,240<\/td>\n<td width=\"84\">\u22640,230<\/td>\n<td width=\"84\">\u22640,230<\/td>\n<td width=\"75\">\u22640,230<\/td>\n<\/tr>\n<tr>\n<td rowspan=\"3\" width=\"186\">D\u00e4mpfung vs. Wellenl\u00e4nge<\/td>\n<td width=\"95\">1310 nm VS. 1285-1330 nm<\/td>\n<td width=\"84\">dB\/km<\/td>\n<td width=\"84\">\u22640,04<\/td>\n<td width=\"84\">\u22640,04<\/td>\n<td width=\"84\">\u22640,05<\/td>\n<td width=\"75\">\u22640,03<\/td>\n<\/tr>\n<tr>\n<td width=\"95\">1550 nm VS. 1525\u20131575 nm<\/td>\n<td width=\"84\">dB\/km<\/td>\n<td width=\"84\">\u22640,03<\/td>\n<td width=\"84\">\u22640,03<\/td>\n<td width=\"84\">\u22640,04<\/td>\n<td width=\"75\">\u22640,02<\/td>\n<\/tr>\n<tr>\n<td width=\"95\">1550 nm VS. 1480-1580 nm<\/td>\n<td width=\"84\">dB\/km<\/td>\n<td width=\"84\">\u22640,04<\/td>\n<td width=\"84\">\u2013<\/td>\n<td width=\"84\">\u2013<\/td>\n<td width=\"75\">\u2013<\/td>\n<\/tr>\n<tr>\n<td width=\"186\">Nulldispersionswellenl\u00e4nge<\/td>\n<td rowspan=\"2\" width=\"95\">\\<\/td>\n<td width=\"84\">nm<\/td>\n<td width=\"84\">1300-1324<\/td>\n<td width=\"84\">1300-1324<\/td>\n<td width=\"84\">1300-1324<\/td>\n<td width=\"75\">1300-1324<\/td>\n<\/tr>\n<tr>\n<td width=\"186\">Nulldispersionssteigung<\/td>\n<td width=\"84\">ps\/(nm<sup>2<\/sup>\u00b7km)<\/td>\n<td width=\"84\">0.073-0.092<\/td>\n<td width=\"84\">0.073-0.092<\/td>\n<td width=\"84\">0.073-0.092<\/td>\n<td width=\"75\">\u22640,092<\/td>\n<\/tr>\n<tr>\n<td rowspan=\"2\" width=\"186\">Streuung<\/td>\n<td width=\"95\">1550 nm<\/td>\n<td width=\"84\">ps\/(nm\u00b7km)<\/td>\n<td width=\"84\">13.3-18.6<\/td>\n<td width=\"84\">13.3-18.6<\/td>\n<td width=\"84\">13.3-18.6<\/td>\n<td width=\"75\">&nbsp;<\/td>\n<\/tr>\n<tr>\n<td width=\"95\">1625 nm<\/td>\n<td width=\"84\">ps\/(nm\u00b7km)<\/td>\n<td width=\"84\">17.2-23.7<\/td>\n<td width=\"84\">17.2-23.7<\/td>\n<td width=\"84\">17.2-23.7<\/td>\n<td width=\"75\">&nbsp;<\/td>\n<\/tr>\n<tr>\n<td colspan=\"2\" width=\"281\">Polarisationsmodendispersion (PMD)<\/td>\n<td width=\"84\">ps\/\u221akm<\/td>\n<td width=\"84\">\u22640,2<\/td>\n<td width=\"84\">\u22640,2<\/td>\n<td width=\"84\">\u22640,2<\/td>\n<td width=\"75\">\u22640,2<\/td>\n<\/tr>\n<tr>\n<td width=\"186\">Grenzwellenl\u00e4nge \u03bbcc<\/td>\n<td width=\"95\">\u2013<\/td>\n<td width=\"84\">nm<\/td>\n<td width=\"84\">\u22641260<\/td>\n<td width=\"84\">\u22641260<\/td>\n<td width=\"84\">\u22641260<\/td>\n<td width=\"75\">\u22641260<\/td>\n<\/tr>\n<tr>\n<td rowspan=\"2\" width=\"186\">Modenfelddurchmesser (MFD)<\/td>\n<td width=\"95\">1310 nm<\/td>\n<td width=\"84\">\u03bcm<\/td>\n<td width=\"84\">9,2 \u00b1 0,4<\/td>\n<td width=\"84\">9,2 \u00b1 0,4<\/td>\n<td width=\"84\">8,6 \u00b1 0,4<\/td>\n<td width=\"75\">8,6 \u00b1 0,4<\/td>\n<\/tr>\n<tr>\n<td width=\"95\">1550 nm<\/td>\n<td width=\"84\">\u03bcm<\/td>\n<td width=\"84\">10,4 \u00b1 0,5<\/td>\n<td width=\"84\">10,4 \u00b1 0,5<\/td>\n<td width=\"84\">9,6 \u00b1 0,5<\/td>\n<td width=\"75\">9,6 \u00b1 0,5<\/td>\n<\/tr>\n<tr>\n<td rowspan=\"2\" width=\"186\">D\u00e4mpfungsdiskontinuit\u00e4t<\/td>\n<td width=\"95\">1310 nm<\/td>\n<td width=\"84\">dB<\/td>\n<td width=\"84\">\u22640,03<\/td>\n<td width=\"84\">\u22640,03<\/td>\n<td width=\"84\">\u22640,03<\/td>\n<td width=\"75\">\u22640,03<\/td>\n<\/tr>\n<tr>\n<td width=\"95\">1550 nm<\/td>\n<td width=\"84\">dB<\/td>\n<td width=\"84\">\u22640,03<\/td>\n<td width=\"84\">\u22640,03<\/td>\n<td width=\"84\">\u22640,03<\/td>\n<td width=\"75\">\u22640,03<\/td>\n<\/tr>\n<tr>\n<td rowspan=\"2\" width=\"186\">Bidirektionale D\u00e4mpfung<\/td>\n<td width=\"95\">1310 nm<\/td>\n<td width=\"84\">dB\/km<\/td>\n<td width=\"84\">\u22640,04<\/td>\n<td width=\"84\">&nbsp;<\/td>\n<td width=\"84\">&nbsp;<\/td>\n<td width=\"75\">\u22640,05<\/td>\n<\/tr>\n<tr>\n<td width=\"95\">1550 nm<\/td>\n<td width=\"84\">dB\/km<\/td>\n<td width=\"84\">\u22640,04<\/td>\n<td width=\"84\">&nbsp;<\/td>\n<td width=\"84\">&nbsp;<\/td>\n<td width=\"75\">\u22640,05<\/td>\n<\/tr>\n<tr>\n<td colspan=\"3\" width=\"366\"><strong><b>Geometrisch<\/b><\/strong><\/td>\n<td colspan=\"4\" width=\"328\">&nbsp;<\/td>\n<\/tr>\n<tr>\n<td colspan=\"2\" width=\"281\">Manteldurchmesser<\/td>\n<td width=\"84\">\u03bcm<\/td>\n<td width=\"84\">125\u00b10,7<\/td>\n<td width=\"84\">125\u00b10,7<\/td>\n<td width=\"84\">125\u00b10,7<\/td>\n<td width=\"75\">125\u00b10,7<\/td>\n<\/tr>\n<tr>\n<td colspan=\"2\" width=\"281\">Unrundheit der Verkleidung<\/td>\n<td width=\"84\">%<\/td>\n<td width=\"84\">\u22641,0<\/td>\n<td width=\"84\">\u22641,0<\/td>\n<td width=\"84\">\u22640,8<\/td>\n<td width=\"75\">\u22640,7<\/td>\n<\/tr>\n<tr>\n<td colspan=\"2\" width=\"281\">Kern-\/Mantel-Konzentrizit\u00e4tsfehler<\/td>\n<td width=\"84\">\u03bcm<\/td>\n<td width=\"84\">\u22640,6<\/td>\n<td width=\"84\">\u22640,5<\/td>\n<td width=\"84\">\u22640,5<\/td>\n<td width=\"75\">\u22640,5<\/td>\n<\/tr>\n<tr>\n<td colspan=\"2\" rowspan=\"2\" width=\"281\">Beschichtungsdurchmesser (ungef\u00e4rbt)<\/td>\n<td width=\"84\">\u03bcm<\/td>\n<td colspan=\"4\" width=\"328\">242\u00b17 (Standard)<\/td>\n<\/tr>\n<tr>\n<td width=\"84\">\u03bcm<\/td>\n<td colspan=\"4\" width=\"328\">200\u00b110 (optional)<\/td>\n<\/tr>\n<tr>\n<td colspan=\"2\" width=\"281\">Konzentrizit\u00e4tsfehler der Beschichtung\/Verkleidung<\/td>\n<td width=\"84\">\u03bcm<\/td>\n<td width=\"84\">\u226412<\/td>\n<td width=\"84\">\u226412<\/td>\n<td width=\"84\">\u226412<\/td>\n<td width=\"75\">\u226412<\/td>\n<\/tr>\n<tr>\n<td colspan=\"2\" width=\"281\">Locken<\/td>\n<td width=\"84\">m<\/td>\n<td width=\"84\">\u22654<\/td>\n<td width=\"84\">\u22654<\/td>\n<td width=\"84\">\u22654<\/td>\n<td width=\"75\">\u22654<\/td>\n<\/tr>\n<tr>\n<td colspan=\"3\" width=\"366\"><strong><b>Umwelt (1550 nm, 1625 nm)<\/b><\/strong><\/td>\n<td colspan=\"4\" width=\"328\">&nbsp;<\/td>\n<\/tr>\n<tr>\n<td width=\"186\">Temperaturwechsel<\/td>\n<td width=\"95\">-60\u2103 bis +85\u2103<\/td>\n<td width=\"84\">dB\/km<\/td>\n<td width=\"84\">\u22640,03<\/td>\n<td width=\"84\">\u22640,05<\/td>\n<td width=\"84\">\u22640,05<\/td>\n<td width=\"75\">\u22640,05<\/td>\n<\/tr>\n<tr>\n<td width=\"186\">Hohe Temperatur &amp;<\/p>\n<p>Hohe Luftfeuchtigkeit<\/td>\n<td width=\"95\">85\u2103, 85% RH, 30 Tage<\/td>\n<td width=\"84\">dB\/km<\/td>\n<td width=\"84\">\u22640,03<\/td>\n<td width=\"84\">\u22640,05<\/td>\n<td width=\"84\">\u22640,05<\/td>\n<td width=\"75\">\u22640,05<\/td>\n<\/tr>\n<tr>\n<td width=\"186\">Eintauchen in Wasser<\/td>\n<td width=\"95\">23\u2103, 30 Tage<\/td>\n<td width=\"84\">dB\/km<\/td>\n<td width=\"84\">\u22640,03<\/td>\n<td width=\"84\">\u22640,05<\/td>\n<td width=\"84\">\u22640,05<\/td>\n<td width=\"75\">\u22640,05<\/td>\n<\/tr>\n<tr>\n<td width=\"186\">Hochtemperaturalterung<\/td>\n<td width=\"95\">85\u2103, 30 Tage<\/td>\n<td width=\"84\">dB\/km<\/td>\n<td width=\"84\">\u22640,03<\/td>\n<td width=\"84\">\u22640,05<\/td>\n<td width=\"84\">\u22640,05<\/td>\n<td width=\"75\">\u22640,05<\/td>\n<\/tr>\n<\/tbody>\n<\/table>\n<p>&nbsp;<\/p>\n<p><strong><b>KABELMECHANISCHE PARAMETER<\/b><\/strong><\/p>\n<table>\n<tbody>\n<tr>\n<td width=\"178\"><strong>Artikel<\/strong><\/td>\n<td width=\"216\"><strong>Inhalt<\/strong><\/td>\n<td width=\"275\"><strong>Wert<\/strong><\/td>\n<\/tr>\n<tr>\n<td rowspan=\"2\" width=\"178\">Zuglast<\/td>\n<td width=\"216\">Kurzfristig<\/td>\n<td width=\"275\">500N Faserdehnung \u22640,33 %<\/td>\n<\/tr>\n<tr>\n<td width=\"216\">Langfristig<\/td>\n<td width=\"275\">200N<\/td>\n<\/tr>\n<tr>\n<td rowspan=\"2\" width=\"178\">Druckfestigkeit<\/td>\n<td width=\"216\">Kurzfristig<\/td>\n<td width=\"275\">750<\/td>\n<\/tr>\n<tr>\n<td width=\"216\">Langfristig<\/td>\n<td width=\"275\">300<\/td>\n<\/tr>\n<tr>\n<td rowspan=\"2\" width=\"178\">Min. Biegeradius<\/td>\n<td width=\"216\">Installation<\/td>\n<td width=\"275\">25 x Kabeldurchmesser<\/td>\n<\/tr>\n<tr>\n<td width=\"216\">Betrieb<\/td>\n<td width=\"275\">12,5 x Kabeldurchmesser<\/td>\n<\/tr>\n<\/tbody>\n<\/table>\n<p><strong>\u00a0<\/strong><\/p>\n<p><strong><b>UMWELTPARAMETER<\/b><\/strong><\/p>\n<table>\n<tbody>\n<tr>\n<td width=\"122\"><strong>Artikel<\/strong><\/td>\n<td width=\"264\"><strong>Standard<\/strong><\/td>\n<td width=\"289\"><strong>Spezifikation<\/strong><\/td>\n<\/tr>\n<tr>\n<td rowspan=\"2\" width=\"122\">Umwelt<\/td>\n<td width=\"264\">IEC-60794-1-22-F5B<\/td>\n<td width=\"289\">Kein Eindringen von Wasser<\/td>\n<\/tr>\n<tr>\n<td width=\"264\">IEC-60794-1-22-F9<\/td>\n<td width=\"289\">\u22640,1 dB\/km max. D\u00e4mpfungs\u00e4nderung erlaubt<\/td>\n<\/tr>\n<tr>\n<td width=\"122\">Anwendungstemperaturbereich<\/td>\n<td width=\"264\">Anwendungstemperaturbereich<\/p>\n<p>\u2103<\/td>\n<td width=\"289\">Betrieb:  \u2013 10 \u2103 ~ +70 \u2103<\/p>\n<p>Installation: -40\u2103 bis +70\u2103<\/p>\n<p>Lagerung\/Transport:  \u2013 40 \u2103 ~ +70 \u2103<\/td>\n<\/tr>\n<\/tbody>\n<\/table>\n<p><strong>\u00a0<\/strong><\/p>\n<p><strong><b>Anwendung<\/b><\/strong><\/p>\n<p>Au\u00dfenantennenanwendung<\/p>\n<p>Wird in den FTTH-Projekten verwendet<\/p>\n<p>Optische Hochgeschwindigkeitsstrecken im Geb\u00e4ude<\/p>\n<p>Hochleistungsf\u00e4higer optischer Netzwerkbetrieb<\/p>\n<p><strong><b>Rolle<\/b><\/strong><strong><b>\u00a0Eigenschaften<\/b><\/strong>: LOT, MARKE, Herstellungsdatum, Produktspezifikation, Daten zur Qualit\u00e4tspr\u00fcfung<\/p>","protected":false},"excerpt":{"rendered":"<p>Dies ist ein rundes 4,5-mm-Softkabel, das f\u00fcr FTTH-Projekte verwendet wird.   Kabelstruktur und -parameter Hinweis: Gr\u00f6\u00dfen und Werte ohne Toleranzen sind Nominalwerte Artikelinhalt Einheit Wert Glasfaser-Modellnummer \/ G657A2-Nummer \/ 1 2 4 Farbe \/ Natur\u3001Natur\u3001Natur\u3001Natur Enge Pufferfarbe \/ Blaues, oranges, gr\u00fcnes, braunes Material \/ LSZH-Durchmesser mm [\u2026]<\/p>","protected":false},"featured_media":10760,"comment_status":"closed","ping_status":"closed","template":"","meta":{"site-sidebar-layout":"default","site-content-layout":"","ast-site-content-layout":"default","site-content-style":"default","site-sidebar-style":"default","ast-global-header-display":"","ast-banner-title-visibility":"","ast-main-header-display":"","ast-hfb-above-header-display":"","ast-hfb-below-header-display":"","ast-hfb-mobile-header-display":"","site-post-title":"","ast-breadcrumbs-content":"","ast-featured-img":"","footer-sml-layout":"","theme-transparent-header-meta":"default","adv-header-id-meta":"","stick-header-meta":"default","header-above-stick-meta":"","header-main-stick-meta":"","header-below-stick-meta":"","astra-migrate-meta-layouts":"set","ast-page-background-enabled":"default","ast-page-background-meta":{"desktop":{"background-color":"var(--ast-global-color-4)","background-image":"","background-repeat":"repeat","background-position":"center center","background-size":"auto","background-attachment":"scroll","background-type":"","background-media":"","overlay-type":"","overlay-color":"","overlay-gradient":""},"tablet":{"background-color":"","background-image":"","background-repeat":"repeat","background-position":"center center","background-size":"auto","background-attachment":"scroll","background-type":"","background-media":"","overlay-type":"","overlay-color":"","overlay-gradient":""},"mobile":{"background-color":"","background-image":"","background-repeat":"repeat","background-position":"center center","background-size":"auto","background-attachment":"scroll","background-type":"","background-media":"","overlay-type":"","overlay-color":"","overlay-gradient":""}},"ast-content-background-meta":{"desktop":{"background-color":"var(--ast-global-color-5)","background-image":"","background-repeat":"repeat","background-position":"center center","background-size":"auto","background-attachment":"scroll","background-type":"","background-media":"","overlay-type":"","overlay-color":"","overlay-gradient":""},"tablet":{"background-color":"var(--ast-global-color-5)","background-image":"","background-repeat":"repeat","background-position":"center center","background-size":"auto","background-attachment":"scroll","background-type":"","background-media":"","overlay-type":"","overlay-color":"","overlay-gradient":""},"mobile":{"background-color":"var(--ast-global-color-5)","background-image":"","background-repeat":"repeat","background-position":"center center","background-size":"auto","background-attachment":"scroll","background-type":"","background-media":"","overlay-type":"","overlay-color":"","overlay-gradient":""}}},"product_cat":[122,132],"product_tag":[],"class_list":{"0":"post-10758","1":"product","2":"type-product","3":"status-publish","4":"has-post-thumbnail","6":"product_cat-ftth-drop-cable","7":"product_cat-round-ftth-drop-cable","8":"desktop-align-left","9":"tablet-align-left","10":"mobile-align-left","11":"ast-product-gallery-layout-horizontal-slider","12":"ast-product-tabs-layout-horizontal","14":"first","15":"instock","16":"shipping-taxable","17":"product-type-simple"},"acf":[],"_links":{"self":[{"href":"https:\/\/www.omccable.com\/de\/wp-json\/wp\/v2\/product\/10758","targetHints":{"allow":["GET"]}}],"collection":[{"href":"https:\/\/www.omccable.com\/de\/wp-json\/wp\/v2\/product"}],"about":[{"href":"https:\/\/www.omccable.com\/de\/wp-json\/wp\/v2\/types\/product"}],"replies":[{"embeddable":true,"href":"https:\/\/www.omccable.com\/de\/wp-json\/wp\/v2\/comments?post=10758"}],"version-history":[{"count":4,"href":"https:\/\/www.omccable.com\/de\/wp-json\/wp\/v2\/product\/10758\/revisions"}],"predecessor-version":[{"id":11859,"href":"https:\/\/www.omccable.com\/de\/wp-json\/wp\/v2\/product\/10758\/revisions\/11859"}],"wp:featuredmedia":[{"embeddable":true,"href":"https:\/\/www.omccable.com\/de\/wp-json\/wp\/v2\/media\/10760"}],"wp:attachment":[{"href":"https:\/\/www.omccable.com\/de\/wp-json\/wp\/v2\/media?parent=10758"}],"wp:term":[{"taxonomy":"product_cat","embeddable":true,"href":"https:\/\/www.omccable.com\/de\/wp-json\/wp\/v2\/product_cat?post=10758"},{"taxonomy":"product_tag","embeddable":true,"href":"https:\/\/www.omccable.com\/de\/wp-json\/wp\/v2\/product_tag?post=10758"}],"curies":[{"name":"wp","href":"https:\/\/api.w.org\/{rel}","templated":true}]}}