{"id":10723,"date":"2024-04-30T13:29:27","date_gmt":"2024-04-30T05:29:27","guid":{"rendered":"https:\/\/www.omccable.com\/?post_type=product&#038;p=10723"},"modified":"2025-07-28T10:21:51","modified_gmt":"2025-07-28T02:21:51","slug":"1f-toneable-flat-drop-cable-4-5x10-1mm-3-0mm-unit-cable","status":"publish","type":"product","link":"https:\/\/www.omccable.com\/de\/produkt\/1f-toneable-flat-drop-cable-4-5x10-1mm-3-0mm-unit-cable\/","title":{"rendered":"1F Toneable Flat Drop-Kabel 4,5\u00d710,1 mm-3,0 mm Einheitskabel"},"content":{"rendered":"<p>Das 1F Toneable Flat Drop-Kabel 4,5 \u00d7 10,1 mm ist ein kompaktes, leichtes und dennoch robustes Kabel, das die erforderliche Haltbarkeit f\u00fcr den Einsatz im Freien sowie die f\u00fcr<br \/>\nerforderliche Flexibilit\u00e4t bietet enge Kurven innerhalb von Wohnh\u00e4usern. Diese Kabelkonstruktion beginnt mit einem einfaserigen OFNR 3,0 mm Ruggedized EZ-Bend-Kabel, das den Faserkern bildet. Auf beiden Seiten des Faserkerns werden diametral gegen\u00fcberliegend zwei Glasfaserst\u00e4be angebracht. Ein 24-AWG-Kupferdraht wird entlang der Au\u00dfenkante eines der Glasfaserst\u00e4be ausgerichtet, um die Lokalisierung zu gew\u00e4hrleisten. Der Ortungsdraht, die Verst\u00e4rkungsst\u00e4be und der Faserkern werden dann in einer haltbaren Ummantelung aus Polyethylen (PE) eingekapselt, um einen flachen Kabelquerschnitt zu schaffen und dem Kabelkern zus\u00e4tzlichen Schutz zu bieten.<\/p>\n<p>Dieses t\u00f6nebare Mini-Flachkabel bietet eine kompakte, langlebige und leicht zu lokalisierende Glasfaserl\u00f6sung in einer leicht zug\u00e4nglichen Konstruktion. Das gewebte Design des Glasfaserkabels eignet sich f\u00fcr selbsttragende, direkt vergrabene und Kanalinstallationen. Ideal f\u00fcr Drop-Anwendungen und bietet einfachen Zugang sowie einfache Installation.<\/p>\n<p>&nbsp;<\/p>\n<p><strong><b>Dual-Purpose-Design:<\/b><\/strong><\/p>\n<ul>\n<li>Das komplette Kabel wird als Outdoor-Drop verwendet<\/li>\n<li>Die innere Untereinheit ist eine eigenst\u00e4ndige 3-mm-Untereinheit<\/li>\n<li>Simplex-Kabel mit 900 Mikron dichter Pufferfaser<\/li>\n<\/ul>\n<p>&nbsp;<\/p>\n<p><strong><b>Vollst\u00e4ndig dielektrisch oder tonbar<\/b><\/strong><\/p>\n<ul>\n<li>Die vollst\u00e4ndig dielektrische Version macht eine Kontaktierung oder Erdung \u00fcberfl\u00fcssig<\/li>\n<li>Das optionale 24-AWG-Tonkabel l\u00e4sst sich leicht vom Kabel trennen<\/li>\n<\/ul>\n<p>&nbsp;<\/p>\n<p><strong><b>Trockenwasserblockierende Technologie<\/b><\/strong><\/p>\n<ul>\n<li>Erm\u00f6glicht eine schnelle Kabelvorbereitung und -terminierung<\/li>\n<li>Wasserblockierende Materialien lassen sich leicht entfernen<\/li>\n<\/ul>\n<p>&nbsp;<\/p>\n<p><strong><b>Vielseitiges Design<\/b><\/strong><\/p>\n<ul>\n<li>Das robuste Au\u00dfenkabel h\u00e4lt den harten Bedingungen im Au\u00dfenbereich stand<\/li>\n<li>Bei Segmenten, die in den Innenbereich verlegt werden, l\u00e4sst sich das Au\u00dfenkabel leicht entfernen<\/li>\n<li>Die Simplex-Untereinheit ist kompakt und UL-gelistet f\u00fcr den Innenbereich, 900-Mikron-Dichtungspuffer f\u00fcr einfachen Anschluss<\/li>\n<li>Kann in der Luft oder im Kanal verwendet werden<\/li>\n<\/ul>\n<p>&nbsp;<\/p>\n<p><strong><b>Design mit doppelter St\u00e4rke<\/b><\/strong><\/p>\n<ul>\n<li>Passt in eine Standard-Keilklemme (P-Klemme)<\/li>\n<li>V\u00f6llig selbsttragend<\/li>\n<li>Eine gro\u00dfartige Alternative, wenn Festigkeitstr\u00e4ger aus Stahl nicht zul\u00e4ssig sind<\/li>\n<\/ul>\n<p>&nbsp;<\/p>\n<p><strong><b>Au\u00dfenmantel aus Polyethylen mittlerer Dichte<\/b><\/strong><\/p>\n<ul>\n<li>Reibungsarme Installation<\/li>\n<li>Hervorragender Schutz vor Umweltgefahren<\/li>\n<\/ul>\n<p>&nbsp;<\/p>\n<p><strong><b>Scheidenmarkierungen<\/b><\/strong><\/p>\n<ul>\n<li>Bietet eine eindeutige Identifizierung und L\u00e4ngen\u00fcberpr\u00fcfung<\/li>\n<li>Benutzerdefinierter Druck verf\u00fcgbar<\/li>\n<\/ul>\n<p><strong><b>\u00a0<\/b><\/strong><\/p>\n<p><b><\/b><strong>Kabel<\/strong><strong>Struktur<\/strong><strong>\u00a0<\/strong><strong>und<\/strong><strong>\u00a0<\/strong><strong>Parameter<\/strong><\/p>\n<table>\n<tbody>\n<tr>\n<td width=\"144\">Artikel<\/td>\n<td width=\"111\">Inhalt<\/td>\n<td width=\"85\">Einheit<\/td>\n<td width=\"369\">Wert<\/td>\n<\/tr>\n<tr>\n<td rowspan=\"3\" width=\"144\">&nbsp;<\/p>\n<p>Optische Faser<\/td>\n<td width=\"111\">Modellnummer<\/td>\n<td width=\"85\">\/<\/td>\n<td width=\"369\">G657A1\/G657A2<\/td>\n<\/tr>\n<tr>\n<td width=\"111\">Zahl<\/td>\n<td width=\"85\">\/<\/td>\n<td width=\"369\">1<\/td>\n<\/tr>\n<tr>\n<td width=\"111\">Farbe<\/td>\n<td width=\"85\">\/<\/td>\n<td width=\"369\">blau<\/td>\n<\/tr>\n<tr>\n<td rowspan=\"2\" width=\"144\">St\u00e4rkemitglied<\/td>\n<td width=\"111\">Material<\/td>\n<td width=\"85\">\/<\/td>\n<td width=\"369\">FRP<\/td>\n<\/tr>\n<tr>\n<td width=\"111\">Durchmesser<\/td>\n<td width=\"85\">mm<\/td>\n<td width=\"369\">1.6<\/td>\n<\/tr>\n<tr>\n<td rowspan=\"3\" width=\"144\">Enger Puffer<\/td>\n<td width=\"111\">Farbe<\/td>\n<td width=\"85\">\/<\/td>\n<td width=\"369\">White<\/td>\n<\/tr>\n<tr>\n<td width=\"111\">Material<\/td>\n<td width=\"85\">\/<\/td>\n<td width=\"369\">LSZH<\/td>\n<\/tr>\n<tr>\n<td width=\"111\">Durchmesser<\/td>\n<td width=\"85\">mm<\/td>\n<td width=\"369\">0.9<\/td>\n<\/tr>\n<tr>\n<td rowspan=\"3\" width=\"144\">&nbsp;<\/p>\n<p>Innenjacke<\/td>\n<td width=\"111\">Durchmesser<\/td>\n<td width=\"85\">mm<\/td>\n<td width=\"369\">3,0 \u00b1 0,1<\/td>\n<\/tr>\n<tr>\n<td width=\"111\">Material<\/td>\n<td width=\"85\">\/<\/td>\n<td width=\"369\">LSZH<\/td>\n<\/tr>\n<tr>\n<td width=\"111\">Farbe<\/td>\n<td width=\"85\">\/<\/td>\n<td width=\"369\">wei\u00df<\/td>\n<\/tr>\n<tr>\n<td rowspan=\"3\" width=\"144\">&nbsp;<\/p>\n<p>Au\u00dfenmantel<\/td>\n<td width=\"111\">Durchmesser<\/td>\n<td width=\"85\">mm<\/td>\n<td width=\"369\">4,5 \u00b1 0,3 * 10,1 \u00b1 0,5<\/td>\n<\/tr>\n<tr>\n<td width=\"111\">Material<\/td>\n<td width=\"85\">\/<\/td>\n<td width=\"369\">HDPE<\/td>\n<\/tr>\n<tr>\n<td width=\"111\">Farbe<\/td>\n<td width=\"85\">\/<\/td>\n<td width=\"369\">Schwarz<\/td>\n<\/tr>\n<tr>\n<td width=\"144\">Rei\u00dfleine<\/td>\n<td width=\"111\">Material<\/td>\n<td width=\"85\">\/<\/td>\n<td width=\"369\">\/<\/td>\n<\/tr>\n<tr>\n<td rowspan=\"2\" width=\"144\">St\u00fctzdraht<\/td>\n<td width=\"111\">Material<\/td>\n<td width=\"85\">\/<\/td>\n<td width=\"369\">Kupferleiter<\/td>\n<\/tr>\n<tr>\n<td width=\"111\">Durchmesser<\/td>\n<td width=\"85\"><\/td>\n<td width=\"369\">0.5<\/td>\n<\/tr>\n<tr>\n<td rowspan=\"2\" width=\"144\">Zugleistung<\/td>\n<td width=\"111\">Kurzfristig<\/td>\n<td width=\"85\">N<\/td>\n<td width=\"369\">1350 N (Faserdehnung \u2264 0,81 TP3T)<\/td>\n<\/tr>\n<tr>\n<td width=\"111\">Langfristig<\/td>\n<td width=\"85\">N<\/td>\n<td width=\"369\">600<\/td>\n<\/tr>\n<tr>\n<td rowspan=\"2\" width=\"144\">Zerquetschen<\/td>\n<td width=\"111\">Kurzfristig<\/td>\n<td width=\"85\">N\/100mm<\/td>\n<td width=\"369\">1000<\/td>\n<\/tr>\n<tr>\n<td width=\"111\">Langfristig<\/td>\n<td width=\"85\">N\/100mm<\/td>\n<td width=\"369\">300<\/td>\n<\/tr>\n<tr>\n<td colspan=\"2\" width=\"256\">Kabeld\u00e4mpfung<\/td>\n<td width=\"85\">dB\/km<\/td>\n<td width=\"369\">\u2266 0,4 bei 1310 nm, \u2266 0,3 bei 1550 nm<\/td>\n<\/tr>\n<tr>\n<td colspan=\"2\" width=\"256\">Kabelgewicht (ca.)<\/td>\n<td width=\"85\">kg\/km<\/td>\n<td width=\"369\">42.3<\/td>\n<\/tr>\n<\/tbody>\n<\/table>","protected":false},"excerpt":{"rendered":"<p>Das 1F Toneable Flat Drop-Kabel 4,5 x 10,1 mm ist ein kompaktes, leichtes und dennoch robustes Kabel, das die erforderliche Haltbarkeit f\u00fcr den Einsatz im Au\u00dfenbereich sowie die Flexibilit\u00e4t bietet, die f\u00fcr enge Kurven in Wohnh\u00e4usern erforderlich ist. Diese Kabelkonstruktion beginnt mit einem einfaserigen OFNR 3,0 mm Ruggedized EZ-Bend-Kabel, das den Faserkern bildet. Zwei Glasfaserst\u00e4be sind [\u2026]<\/p>","protected":false},"featured_media":10725,"comment_status":"closed","ping_status":"closed","template":"","meta":{"site-sidebar-layout":"default","site-content-layout":"","ast-site-content-layout":"default","site-content-style":"default","site-sidebar-style":"default","ast-global-header-display":"","ast-banner-title-visibility":"","ast-main-header-display":"","ast-hfb-above-header-display":"","ast-hfb-below-header-display":"","ast-hfb-mobile-header-display":"","site-post-title":"","ast-breadcrumbs-content":"","ast-featured-img":"","footer-sml-layout":"","theme-transparent-header-meta":"default","adv-header-id-meta":"","stick-header-meta":"default","header-above-stick-meta":"","header-main-stick-meta":"","header-below-stick-meta":"","astra-migrate-meta-layouts":"set","ast-page-background-enabled":"default","ast-page-background-meta":{"desktop":{"background-color":"var(--ast-global-color-4)","background-image":"","background-repeat":"repeat","background-position":"center center","background-size":"auto","background-attachment":"scroll","background-type":"","background-media":"","overlay-type":"","overlay-color":"","overlay-gradient":""},"tablet":{"background-color":"","background-image":"","background-repeat":"repeat","background-position":"center center","background-size":"auto","background-attachment":"scroll","background-type":"","background-media":"","overlay-type":"","overlay-color":"","overlay-gradient":""},"mobile":{"background-color":"","background-image":"","background-repeat":"repeat","background-position":"center center","background-size":"auto","background-attachment":"scroll","background-type":"","background-media":"","overlay-type":"","overlay-color":"","overlay-gradient":""}},"ast-content-background-meta":{"desktop":{"background-color":"var(--ast-global-color-5)","background-image":"","background-repeat":"repeat","background-position":"center center","background-size":"auto","background-attachment":"scroll","background-type":"","background-media":"","overlay-type":"","overlay-color":"","overlay-gradient":""},"tablet":{"background-color":"var(--ast-global-color-5)","background-image":"","background-repeat":"repeat","background-position":"center center","background-size":"auto","background-attachment":"scroll","background-type":"","background-media":"","overlay-type":"","overlay-color":"","overlay-gradient":""},"mobile":{"background-color":"var(--ast-global-color-5)","background-image":"","background-repeat":"repeat","background-position":"center center","background-size":"auto","background-attachment":"scroll","background-type":"","background-media":"","overlay-type":"","overlay-color":"","overlay-gradient":""}}},"product_cat":[122,133],"product_tag":[],"class_list":{"0":"post-10723","1":"product","2":"type-product","3":"status-publish","4":"has-post-thumbnail","6":"product_cat-ftth-drop-cable","7":"product_cat-toneable-flat-drop-cable","8":"desktop-align-left","9":"tablet-align-left","10":"mobile-align-left","11":"ast-product-gallery-layout-horizontal-slider","12":"ast-product-tabs-layout-horizontal","14":"first","15":"instock","16":"shipping-taxable","17":"product-type-simple"},"acf":[],"_links":{"self":[{"href":"https:\/\/www.omccable.com\/de\/wp-json\/wp\/v2\/product\/10723","targetHints":{"allow":["GET"]}}],"collection":[{"href":"https:\/\/www.omccable.com\/de\/wp-json\/wp\/v2\/product"}],"about":[{"href":"https:\/\/www.omccable.com\/de\/wp-json\/wp\/v2\/types\/product"}],"replies":[{"embeddable":true,"href":"https:\/\/www.omccable.com\/de\/wp-json\/wp\/v2\/comments?post=10723"}],"version-history":[{"count":2,"href":"https:\/\/www.omccable.com\/de\/wp-json\/wp\/v2\/product\/10723\/revisions"}],"predecessor-version":[{"id":13281,"href":"https:\/\/www.omccable.com\/de\/wp-json\/wp\/v2\/product\/10723\/revisions\/13281"}],"wp:featuredmedia":[{"embeddable":true,"href":"https:\/\/www.omccable.com\/de\/wp-json\/wp\/v2\/media\/10725"}],"wp:attachment":[{"href":"https:\/\/www.omccable.com\/de\/wp-json\/wp\/v2\/media?parent=10723"}],"wp:term":[{"taxonomy":"product_cat","embeddable":true,"href":"https:\/\/www.omccable.com\/de\/wp-json\/wp\/v2\/product_cat?post=10723"},{"taxonomy":"product_tag","embeddable":true,"href":"https:\/\/www.omccable.com\/de\/wp-json\/wp\/v2\/product_tag?post=10723"}],"curies":[{"name":"wp","href":"https:\/\/api.w.org\/{rel}","templated":true}]}}