{"id":10717,"date":"2024-04-30T13:25:01","date_gmt":"2024-04-30T05:25:01","guid":{"rendered":"https:\/\/www.omccable.com\/?post_type=product&#038;p=10717"},"modified":"2024-04-30T13:27:20","modified_gmt":"2024-04-30T05:27:20","slug":"10717","status":"publish","type":"product","link":"https:\/\/www.omccable.com\/de\/produkt\/10717\/","title":{"rendered":"1-12F Toneable Flat Drop Kabel 4,0\u00d710,1mm-Loser Schlauch"},"content":{"rendered":"<p>Das Toneable Flat Drop-Kabel von OMC erm\u00f6glicht eine einfache FTTx-Installation und -Terminierung (Fiber-To-The-X) unter Verwendung vorhandener Hardware und Methoden f\u00fcr Drops zu Privathaushalten und Unternehmen. Sein flaches Profil ist mit wirtschaftlichen Keilklemmen f\u00fcr selbsttragende Luftspannweiten von bis zu 300 Fu\u00df kompatibel, je nach Umgebungsbelastung. Eine vollst\u00e4ndig dielektrische Version<\/p>\n<p>macht eine Verbindung und Erdung \u00fcberfl\u00fcssig. Eine tonbare Version verf\u00fcgt zus\u00e4tzlich \u00fcber einen 24-AWG-Leiter, der eine unterirdische Standortsuche erm\u00f6glicht und mit einem Steg befestigt ist, um eine einfache Abtrennung vom Kabel zu erm\u00f6glichen \u2013 die beliebteste Option f\u00fcr unterirdische Installationen und Mehrzweckinstallationen.<\/p>\n<p><strong><b>\u00a0<\/b><\/strong><\/p>\n<p><strong><b>Dual-Purpose-Design:<\/b><\/strong><\/p>\n<ul>\n<li>Das komplette Kabel wird als Outdoor-Drop verwendet<\/li>\n<li>Die innere Untereinheit ist ein PBTLoose-Rohr 2,0 mm<\/li>\n<li>Simplex-Kabel mit 900 Mikron dichter Pufferfaser<\/li>\n<\/ul>\n<p>&nbsp;<\/p>\n<p><strong><b>Vollst\u00e4ndig dielektrisch oder tonbar<\/b><\/strong><\/p>\n<ul>\n<li>Die vollst\u00e4ndig dielektrische Version macht eine Kontaktierung oder Erdung \u00fcberfl\u00fcssig<\/li>\n<li>Das optionale 24-AWG-Tonkabel l\u00e4sst sich leicht vom Kabel trennen<\/li>\n<\/ul>\n<p>&nbsp;<\/p>\n<p><strong><b>Trockenwasserblockierende Technologie<\/b><\/strong><\/p>\n<ul>\n<li>Erm\u00f6glicht eine schnelle Kabelvorbereitung und -terminierung<\/li>\n<li>Wasserblockierende Materialien lassen sich leicht entfernen<\/li>\n<\/ul>\n<p>&nbsp;<\/p>\n<p><strong><b>Vielseitiges Design<\/b><\/strong><\/p>\n<ul>\n<li>Das robuste Au\u00dfenkabel h\u00e4lt den harten Bedingungen im Au\u00dfenbereich stand<\/li>\n<li>Bei Segmenten, die in den Innenbereich verlegt werden, l\u00e4sst sich das Au\u00dfenkabel leicht entfernen<\/li>\n<li>Die Simplex-Untereinheit ist kompakt und UL-gelistet f\u00fcr den Innenbereich, 900-Mikron-Dichtungspuffer f\u00fcr einfachen Anschluss<\/li>\n<li>Kann in der Luft oder im Kanal verwendet werden<\/li>\n<\/ul>\n<p>&nbsp;<\/p>\n<p><strong><b>Design mit doppelter St\u00e4rke<\/b><\/strong><\/p>\n<ul>\n<li>Passt in eine Standard-Keilklemme (P-Klemme)<\/li>\n<li>V\u00f6llig selbsttragend<\/li>\n<li>Eine gro\u00dfartige Alternative, wenn Festigkeitstr\u00e4ger aus Stahl nicht zul\u00e4ssig sind<\/li>\n<\/ul>\n<p>&nbsp;<\/p>\n<p><strong><b>Au\u00dfenmantel aus Polyethylen mittlerer Dichte<\/b><\/strong><\/p>\n<ul>\n<li>Reibungsarme Installation<\/li>\n<li>Hervorragender Schutz vor Umweltgefahren<\/li>\n<\/ul>\n<p>&nbsp;<\/p>\n<p><strong><b>Scheidenmarkierungen<\/b><\/strong><\/p>\n<ul>\n<li>Bietet eine eindeutige Identifizierung und L\u00e4ngen\u00fcberpr\u00fcfung<\/li>\n<li>Benutzerdefinierter Druck verf\u00fcgbar<\/li>\n<\/ul>\n<p><strong><b>\u00a0<\/b><\/strong><\/p>\n<p><b><\/b><strong>Kabel<\/strong><strong>Struktur<\/strong><strong>\u00a0<\/strong><strong>und<\/strong><strong>\u00a0<\/strong><strong>Parameter<\/strong><\/p>\n<table>\n<tbody>\n<tr>\n<td width=\"144\"><strong>Artikel<\/strong><\/td>\n<td width=\"111\"><strong>Inhalt<\/strong><\/td>\n<td width=\"85\"><strong>Einheit<\/strong><\/td>\n<td width=\"369\"><strong>Wert<\/strong><\/td>\n<\/tr>\n<tr>\n<td width=\"144\"><strong>\u00a0<\/strong><\/p>\n<p>Optische Faser<\/td>\n<td width=\"111\">Modellnummer<\/td>\n<td width=\"85\">\/<\/td>\n<td width=\"369\">G657A1\/G657A2<\/td>\n<\/tr>\n<tr>\n<td width=\"144\"><\/td>\n<td width=\"111\">Zahl<\/td>\n<td width=\"85\">\/<\/td>\n<td width=\"369\">1<\/td>\n<\/tr>\n<tr>\n<td width=\"144\"><\/td>\n<td width=\"111\">Farbe<\/td>\n<td width=\"85\">\/<\/td>\n<td width=\"369\">blau<\/td>\n<\/tr>\n<tr>\n<td width=\"144\">St\u00e4rkemitglied<\/td>\n<td width=\"111\">Material<\/td>\n<td width=\"85\">\/<\/td>\n<td width=\"369\">FRP<\/td>\n<\/tr>\n<tr>\n<td width=\"144\"><\/td>\n<td width=\"111\">Durchmesser<\/td>\n<td width=\"85\">mm<\/td>\n<td width=\"369\">1.6<\/td>\n<\/tr>\n<tr>\n<td width=\"144\"><strong>\u00a0<\/strong><\/p>\n<p>B\u00fcndelader<\/td>\n<td width=\"111\">Durchmesser<\/td>\n<td width=\"85\">mm<\/td>\n<td width=\"369\">2,0 \u00b1 0,1<\/td>\n<\/tr>\n<tr>\n<td width=\"144\"><\/td>\n<td width=\"111\">Material<\/td>\n<td width=\"85\">\/<\/td>\n<td width=\"369\">PBT<\/td>\n<\/tr>\n<tr>\n<td width=\"144\"><\/td>\n<td width=\"111\">Farbe<\/td>\n<td width=\"85\">\/<\/td>\n<td width=\"369\">wei\u00df<\/td>\n<\/tr>\n<tr>\n<td width=\"144\"><strong>\u00a0<\/strong><\/p>\n<p>Au\u00dfenmantel<\/td>\n<td width=\"111\">Durchmesser<\/td>\n<td width=\"85\">mm<\/td>\n<td width=\"369\">4,0 \u00b1 0,3 * 10,1 \u00b1 0,5<\/td>\n<\/tr>\n<tr>\n<td width=\"144\"><\/td>\n<td width=\"111\">Material<\/td>\n<td width=\"85\">\/<\/td>\n<td width=\"369\">HDPE<\/td>\n<\/tr>\n<tr>\n<td width=\"144\"><\/td>\n<td width=\"111\">Farbe<\/td>\n<td width=\"85\">\/<\/td>\n<td width=\"369\">Schwarz<\/td>\n<\/tr>\n<tr>\n<td width=\"144\">Rei\u00dfleine<\/td>\n<td width=\"111\">Material<\/td>\n<td width=\"85\">\/<\/td>\n<td width=\"369\">\/<\/td>\n<\/tr>\n<tr>\n<td width=\"144\">St\u00fctzdraht<\/td>\n<td width=\"111\">Material<\/td>\n<td width=\"85\">\/<\/td>\n<td width=\"369\">Kupferleiter<\/td>\n<\/tr>\n<tr>\n<td width=\"144\"><\/td>\n<td width=\"111\">Durchmesser<\/td>\n<td width=\"85\"><\/td>\n<td width=\"369\">0.5<\/td>\n<\/tr>\n<tr>\n<td width=\"144\">Zugleistung<\/td>\n<td width=\"111\">Kurzfristig<\/td>\n<td width=\"85\">N<\/td>\n<td width=\"369\">1350 N (Faserdehnung \u2264 0,81 TP3T)<\/td>\n<\/tr>\n<tr>\n<td width=\"144\"><\/td>\n<td width=\"111\">Langfristig<\/td>\n<td width=\"85\">N<\/td>\n<td width=\"369\">500<\/td>\n<\/tr>\n<tr>\n<td width=\"144\">Zerquetschen<\/td>\n<td width=\"111\">Kurzfristig<\/td>\n<td width=\"85\">N\/100mm<\/td>\n<td width=\"369\">1000<\/td>\n<\/tr>\n<tr>\n<td width=\"144\"><\/td>\n<td width=\"111\">Langfristig<\/td>\n<td width=\"85\">N\/100mm<\/td>\n<td width=\"369\">300<\/td>\n<\/tr>\n<tr>\n<td colspan=\"2\" width=\"256\">Kabeld\u00e4mpfung<\/td>\n<td width=\"85\">dB\/km<\/td>\n<td width=\"369\">\u2266 0,4 bei 1310 nm, \u2266 0,3 bei 1550 nm<\/td>\n<\/tr>\n<tr>\n<td colspan=\"2\" width=\"256\">Kabelgewicht (ca.)<\/td>\n<td width=\"85\">kg\/km<\/td>\n<td width=\"369\">42.3<\/td>\n<\/tr>\n<\/tbody>\n<\/table>","protected":false},"excerpt":{"rendered":"<p>Das Toneable Flat Drop-Kabel von OMC erm\u00f6glicht eine einfache FTTx-Installation und -Terminierung (Fiber-To-The-X) unter Verwendung vorhandener Hardware und Methoden f\u00fcr Drops zu Haushalten und Unternehmen. Sein flaches Profil ist mit wirtschaftlichen Keilklemmen f\u00fcr selbsttragende Luftspannweiten von bis zu 300 Fu\u00df kompatibel, je nach Umgebungsbelastung. Eine vollst\u00e4ndig dielektrische Version macht eine Kontaktierung und Erdung \u00fcberfl\u00fcssig. A [\u2026]<\/p>","protected":false},"featured_media":10719,"comment_status":"closed","ping_status":"closed","template":"","meta":{"site-sidebar-layout":"default","site-content-layout":"","ast-site-content-layout":"default","site-content-style":"default","site-sidebar-style":"default","ast-global-header-display":"","ast-banner-title-visibility":"","ast-main-header-display":"","ast-hfb-above-header-display":"","ast-hfb-below-header-display":"","ast-hfb-mobile-header-display":"","site-post-title":"","ast-breadcrumbs-content":"","ast-featured-img":"","footer-sml-layout":"","theme-transparent-header-meta":"default","adv-header-id-meta":"","stick-header-meta":"default","header-above-stick-meta":"","header-main-stick-meta":"","header-below-stick-meta":"","astra-migrate-meta-layouts":"set","ast-page-background-enabled":"default","ast-page-background-meta":{"desktop":{"background-color":"var(--ast-global-color-4)","background-image":"","background-repeat":"repeat","background-position":"center center","background-size":"auto","background-attachment":"scroll","background-type":"","background-media":"","overlay-type":"","overlay-color":"","overlay-gradient":""},"tablet":{"background-color":"","background-image":"","background-repeat":"repeat","background-position":"center center","background-size":"auto","background-attachment":"scroll","background-type":"","background-media":"","overlay-type":"","overlay-color":"","overlay-gradient":""},"mobile":{"background-color":"","background-image":"","background-repeat":"repeat","background-position":"center center","background-size":"auto","background-attachment":"scroll","background-type":"","background-media":"","overlay-type":"","overlay-color":"","overlay-gradient":""}},"ast-content-background-meta":{"desktop":{"background-color":"var(--ast-global-color-5)","background-image":"","background-repeat":"repeat","background-position":"center center","background-size":"auto","background-attachment":"scroll","background-type":"","background-media":"","overlay-type":"","overlay-color":"","overlay-gradient":""},"tablet":{"background-color":"var(--ast-global-color-5)","background-image":"","background-repeat":"repeat","background-position":"center center","background-size":"auto","background-attachment":"scroll","background-type":"","background-media":"","overlay-type":"","overlay-color":"","overlay-gradient":""},"mobile":{"background-color":"var(--ast-global-color-5)","background-image":"","background-repeat":"repeat","background-position":"center center","background-size":"auto","background-attachment":"scroll","background-type":"","background-media":"","overlay-type":"","overlay-color":"","overlay-gradient":""}}},"product_cat":[122,133],"product_tag":[],"class_list":{"0":"post-10717","1":"product","2":"type-product","3":"status-publish","4":"has-post-thumbnail","6":"product_cat-ftth-drop-cable","7":"product_cat-toneable-flat-drop-cable","8":"desktop-align-left","9":"tablet-align-left","10":"mobile-align-left","11":"ast-product-gallery-layout-horizontal-slider","12":"ast-product-tabs-layout-horizontal","14":"first","15":"instock","16":"shipping-taxable","17":"product-type-simple"},"acf":[],"_links":{"self":[{"href":"https:\/\/www.omccable.com\/de\/wp-json\/wp\/v2\/product\/10717","targetHints":{"allow":["GET"]}}],"collection":[{"href":"https:\/\/www.omccable.com\/de\/wp-json\/wp\/v2\/product"}],"about":[{"href":"https:\/\/www.omccable.com\/de\/wp-json\/wp\/v2\/types\/product"}],"replies":[{"embeddable":true,"href":"https:\/\/www.omccable.com\/de\/wp-json\/wp\/v2\/comments?post=10717"}],"version-history":[{"count":3,"href":"https:\/\/www.omccable.com\/de\/wp-json\/wp\/v2\/product\/10717\/revisions"}],"predecessor-version":[{"id":11783,"href":"https:\/\/www.omccable.com\/de\/wp-json\/wp\/v2\/product\/10717\/revisions\/11783"}],"wp:featuredmedia":[{"embeddable":true,"href":"https:\/\/www.omccable.com\/de\/wp-json\/wp\/v2\/media\/10719"}],"wp:attachment":[{"href":"https:\/\/www.omccable.com\/de\/wp-json\/wp\/v2\/media?parent=10717"}],"wp:term":[{"taxonomy":"product_cat","embeddable":true,"href":"https:\/\/www.omccable.com\/de\/wp-json\/wp\/v2\/product_cat?post=10717"},{"taxonomy":"product_tag","embeddable":true,"href":"https:\/\/www.omccable.com\/de\/wp-json\/wp\/v2\/product_tag?post=10717"}],"curies":[{"name":"wp","href":"https:\/\/api.w.org\/{rel}","templated":true}]}}