{"id":10676,"date":"2024-04-29T14:33:26","date_gmt":"2024-04-29T06:33:26","guid":{"rendered":"https:\/\/www.omccable.com\/?post_type=product&#038;p=10676"},"modified":"2025-07-28T10:30:00","modified_gmt":"2025-07-28T02:30:00","slug":"1-4f-ftth-single-armored-outdoor-drop-cable","status":"publish","type":"product","link":"https:\/\/www.omccable.com\/de\/produkt\/1-4f-ftth-single-armored-outdoor-drop-cable\/","title":{"rendered":"1-4F FTTH Single-Armored Outdoor-Drop-Kabel"},"content":{"rendered":"<p>FTTH Single-Armored Outdoor Duct Drop Cable, das auch als Conduit Fiber Cable oder Underground Fiber Cable bezeichnet wird, wird normalerweise durch die Verlegung in unterirdischen Kan\u00e4len und<br \/>\nimplementiert Kan\u00e4le werden normalerweise im Boden vergraben. Zum Aufbau des Kabels wird in der Mitte des Kabels ein bogenf\u00f6rmiges FTTH-Indoor-Drop-Kabel platziert. Um f\u00fcr die unterirdische Kanalinstallation geeignet zu sein, decken ein wasserabweisendes Band und ein gepanzertes Aluminiumrohr das 2 x 3 mm gro\u00dfe Stichkabel ab. Abschlie\u00dfend wird ein robuster Mantel aus Polyethylen (PE) hinzugef\u00fcgt, um einen runden Kabelquerschnitt zu schaffen und dem Kabelkern zus\u00e4tzlichen Schutz zu verleihen.<\/p>\n<p><strong>\u00a0<\/strong><\/p>\n<p><strong>Funktion <\/strong><strong>\u00a0<\/strong><\/p>\n<ul>\n<li>Weich und flexibel, gute Biegeleistung<\/li>\n<li>Wasserdichtes Klebeband verhindert das Eindringen von Wasser in das Kabel<\/li>\n<li>AL-Kunststoffband macht das Kabel quetschfest und feuchtigkeitsbest\u00e4ndig<\/li>\n<li>Das FRP-Festigkeitselement verbessert die Zugfestigkeit, der flammhemmende LSZH-Innen- und Au\u00dfenmantel weist eine gute Flammschutzleistung auf<\/li>\n<li>Eine spezielle Faser mit geringer Biegeempfindlichkeit bietet eine hohe Bandbreite und hervorragende Kommunikations\u00fcbertragungseigenschaften<\/li>\n<li>Einfache Struktur, geringes Gewicht und hohe Praktikabilit\u00e4t<\/li>\n<li>Neuartiges Wellendesign, einfaches Abisolieren und Splei\u00dfen, vereinfacht die Installation und Wartung<\/li>\n<\/ul>\n<p>&nbsp;<\/p>\n<p><strong>Technische Daten des Kabels<\/strong><strong>:<\/strong><\/p>\n<table>\n<tbody>\n<tr>\n<td width=\"288\"><strong><b>Anzahl der Fasern<\/b><\/strong><\/td>\n<td width=\"142\"><strong><b>1F<\/b><\/strong><\/td>\n<td width=\"126\"><strong><b>2F<\/b><\/strong><\/td>\n<td width=\"105\"><strong><b>4F<\/b><\/strong><\/td>\n<\/tr>\n<tr>\n<td width=\"288\">St\u00e4rkemitglied 1<\/td>\n<td colspan=\"3\" width=\"374\">GFK\/KFK<\/td>\n<\/tr>\n<tr>\n<td><\/td>\n<td colspan=\"3\" width=\"374\">0,5 mm<\/td>\n<\/tr>\n<tr>\n<td width=\"288\">St\u00e4rkemitglied 2<\/td>\n<td colspan=\"3\" width=\"374\">GFRP\/KFRP\/massiver Stahldraht<\/td>\n<\/tr>\n<tr>\n<td><\/td>\n<td width=\"142\">0,5 mm<\/td>\n<td width=\"126\">0,5 mm<\/td>\n<td width=\"105\">0,5 mm<\/td>\n<\/tr>\n<tr>\n<td width=\"288\">Kabeldurchmesser (mm) Ca.<\/td>\n<td width=\"142\">7,0 \u00b1 0,4 mm<\/td>\n<td width=\"126\">7,0 \u00b1 0,4 mm<\/td>\n<td width=\"105\">7,0 \u00b1 0,4 mm<\/td>\n<\/tr>\n<tr>\n<td width=\"288\">Kabelgewicht (kg\/km) Ca.<\/td>\n<td width=\"142\">40<\/td>\n<td width=\"126\">40<\/td>\n<td width=\"105\">40<\/td>\n<\/tr>\n<tr>\n<td width=\"288\">Zugfestigkeit kurz-\/langfristig (N)<\/td>\n<td colspan=\"3\" width=\"374\">1000\/500<\/td>\n<\/tr>\n<tr>\n<td width=\"288\">Druckfestigkeit kurz-\/langfristig (N\/100 mm)<\/td>\n<td colspan=\"3\" width=\"374\">1000\/500<\/td>\n<\/tr>\n<tr>\n<td width=\"288\">Betriebstemperaturbereich (\u00b0C)<\/td>\n<td colspan=\"3\" width=\"374\">-40\u00b0C ~+70\u00b0C<\/td>\n<\/tr>\n<\/tbody>\n<\/table>\n<p>&nbsp;<\/p>\n<p><strong>Wichtigste mechanische und umweltbezogene Leistungen<\/strong><\/p>\n<table>\n<tbody>\n<tr>\n<td width=\"159\"><strong><b>Artikel<\/b><\/strong><\/td>\n<td width=\"175\"><strong><b>Teststandard<\/b><\/strong><\/td>\n<td width=\"160\"><strong><b>Angegebener Wert<\/b><\/strong><\/td>\n<td width=\"167\"><strong><b>Anforderungen<\/b><\/strong><\/td>\n<\/tr>\n<tr>\n<td width=\"159\">Spannung<\/td>\n<td width=\"175\">IEC 60794-1-2-E1<\/td>\n<td width=\"160\">Siehe Technische Daten<\/td>\n<td width=\"167\">Zus\u00e4tzliche D\u00e4mpfung:<\/p>\n<p>\u22640,4 dB nach dem Test<\/td>\n<\/tr>\n<tr>\n<td width=\"159\">Zerquetschen<\/td>\n<td width=\"175\">IEC 60794-1-2-E3<\/td>\n<td width=\"160\">Siehe Technische Daten<\/td>\n<td width=\"167\">Zus\u00e4tzliche D\u00e4mpfung:<\/p>\n<p>\u22640,4 dB nach dem Test<\/td>\n<\/tr>\n<tr>\n<td width=\"159\">Auswirkungen<\/td>\n<td width=\"175\">IEC 60794-1-2-E4<\/td>\n<td width=\"160\">R=300mm, 10Nm,<\/p>\n<p>einer an 3 verschiedenen Orten<\/td>\n<td width=\"167\">Zus\u00e4tzliche D\u00e4mpfung:<\/p>\n<p>\u22640,4 dB nach dem Test<\/td>\n<\/tr>\n<tr>\n<td width=\"159\">Wiederholtes Biegen<\/td>\n<td width=\"175\">IEC 60794-1-2-E6<\/td>\n<td width=\"160\">R=30H<\/td>\n<td width=\"167\">Zus\u00e4tzliche D\u00e4mpfung:<\/p>\n<p>\u22640,4 dB nach dem Test<\/td>\n<\/tr>\n<tr>\n<td width=\"159\">Temperaturwechsel<\/td>\n<td width=\"175\">IEC 60794-1-2-F1<\/td>\n<td width=\"160\">-40\u00b0C ~+70\u00b0C<\/td>\n<td width=\"167\">D\u00e4mpfungs\u00e4nderung:<\/p>\n<p>\u22640,4 dB\/km nach dem Test<\/td>\n<\/tr>\n<\/tbody>\n<\/table>\n<p>&nbsp;<\/p>\n<p><strong><b>Technische Parameter der optischen Faser-SM<\/b><\/strong><\/p>\n<table>\n<tbody>\n<tr>\n<td rowspan=\"2\" width=\"167\"><strong><b>Parameter<\/b><\/strong><\/td>\n<td rowspan=\"2\" width=\"96\"><strong><b>Bedingungen<\/b><\/strong><\/td>\n<td rowspan=\"2\" width=\"85\"><strong><b>Einheiten<\/b><\/strong><\/td>\n<td colspan=\"4\" width=\"330\"><strong><b>Wert<\/b><\/strong><\/td>\n<\/tr>\n<tr>\n<td width=\"85\"><strong><b>G652D<\/b><\/strong><\/td>\n<td width=\"85\"><strong><b>G657A1<\/b><\/strong><\/td>\n<td width=\"85\"><strong><b>G657A2<\/b><\/strong><\/td>\n<td width=\"75\"><strong><b>G657B3<\/b><\/strong><\/td>\n<\/tr>\n<tr>\n<td colspan=\"3\" width=\"349\"><strong><b>Optische Spezifikation<\/b><\/strong><\/td>\n<td colspan=\"4\" width=\"330\"><strong><b>\u3000<\/b><\/strong><\/td>\n<\/tr>\n<tr>\n<td rowspan=\"4\" width=\"167\">D\u00e4mpfung<\/td>\n<td width=\"96\">1310 nm<\/td>\n<td width=\"85\">dB\/km<\/td>\n<td width=\"85\">\u22640,350<\/td>\n<td width=\"85\">\u22640,350<\/td>\n<td width=\"85\">\u22640,350<\/td>\n<td width=\"75\">\u22640,350<\/td>\n<\/tr>\n<tr>\n<td width=\"96\">1383 nm<\/td>\n<td width=\"85\">dB\/km<\/td>\n<td width=\"85\">\u22640,330<\/td>\n<td width=\"85\">\u22640,350<\/td>\n<td width=\"85\">\u22640,350<\/td>\n<td width=\"75\">\u22640,350<\/td>\n<\/tr>\n<tr>\n<td width=\"96\">1550 nm<\/td>\n<td width=\"85\">dB\/km<\/td>\n<td width=\"85\">\u22640,210<\/td>\n<td width=\"85\">\u22640,210<\/td>\n<td width=\"85\">\u22640,210<\/td>\n<td width=\"75\">\u22640,210<\/td>\n<\/tr>\n<tr>\n<td width=\"96\">1625 nm<\/td>\n<td width=\"85\">dB\/km<\/td>\n<td width=\"85\">\u22640,240<\/td>\n<td width=\"85\">\u22640,230<\/td>\n<td width=\"85\">\u22640,230<\/td>\n<td width=\"75\">\u22640,230<\/td>\n<\/tr>\n<tr>\n<td rowspan=\"3\" width=\"167\">D\u00e4mpfung vs. Wellenl\u00e4nge<\/td>\n<td width=\"96\">1310 nm VS. 1285-1330 nm<\/td>\n<td width=\"85\">dB\/km<\/td>\n<td width=\"85\">\u22640,04<\/td>\n<td width=\"85\">\u22640,04<\/td>\n<td width=\"85\">\u22640,05<\/td>\n<td width=\"75\">\u22640,03<\/td>\n<\/tr>\n<tr>\n<td width=\"96\">1550 nm VS. 1525\u20131575 nm<\/td>\n<td width=\"85\">dB\/km<\/td>\n<td width=\"85\">\u22640,03<\/td>\n<td width=\"85\">\u22640,03<\/td>\n<td width=\"85\">\u22640,04<\/td>\n<td width=\"75\">\u22640,02<\/td>\n<\/tr>\n<tr>\n<td width=\"96\">1550 nm VS. 1480-1580 nm<\/td>\n<td width=\"85\">dB\/km<\/td>\n<td width=\"85\">\u22640,04<\/td>\n<td width=\"85\">\u2013<\/td>\n<td width=\"85\">\u2013<\/td>\n<td width=\"75\">\u2013<\/td>\n<\/tr>\n<tr>\n<td width=\"167\">Nulldispersionswellenl\u00e4nge<\/td>\n<td rowspan=\"2\" width=\"96\">\\<\/td>\n<td width=\"85\">nm<\/td>\n<td width=\"85\">1300-1324<\/td>\n<td width=\"85\">1300-1324<\/td>\n<td width=\"85\">1300-1324<\/td>\n<td width=\"75\">1300-1324<\/td>\n<\/tr>\n<tr>\n<td width=\"167\">Nulldispersionssteigung<\/td>\n<td width=\"85\">ps\/(nm<sup>2<\/sup>\u00b7km)<\/td>\n<td width=\"85\">0.073-0.092<\/td>\n<td width=\"85\">0.073-0.092<\/td>\n<td width=\"85\">0.073-0.092<\/td>\n<td width=\"75\">\u22640,092<\/td>\n<\/tr>\n<tr>\n<td rowspan=\"2\" width=\"167\">Streuung<\/td>\n<td width=\"96\">1550 nm<\/td>\n<td width=\"85\">ps\/(nm\u00b7km)<\/td>\n<td width=\"85\">13.3-18.6<\/td>\n<td width=\"85\">13.3-18.6<\/td>\n<td width=\"85\">13.3-18.6<\/td>\n<td width=\"75\"><\/td>\n<\/tr>\n<tr>\n<td width=\"96\">1625 nm<\/td>\n<td width=\"85\">ps\/(nm\u00b7km)<\/td>\n<td width=\"85\">17.2-23.7<\/td>\n<td width=\"85\">17.2-23.7<\/td>\n<td width=\"85\">17.2-23.7<\/td>\n<td width=\"75\"><\/td>\n<\/tr>\n<tr>\n<td colspan=\"2\" width=\"264\">Polarisationsmodendispersion (PMD)<\/td>\n<td width=\"85\">ps\/\u221akm<\/td>\n<td width=\"85\">\u22640,2<\/td>\n<td width=\"85\">\u22640,2<\/td>\n<td width=\"85\">\u22640,2<\/td>\n<td width=\"75\">\u22640,2<\/td>\n<\/tr>\n<tr>\n<td width=\"167\">Grenzwellenl\u00e4nge \u03bbcc<\/td>\n<td width=\"96\">\u2013<\/td>\n<td width=\"85\">nm<\/td>\n<td width=\"85\">\u22641260<\/td>\n<td width=\"85\">\u22641260<\/td>\n<td width=\"85\">\u22641260<\/td>\n<td width=\"75\">\u22641260<\/td>\n<\/tr>\n<tr>\n<td rowspan=\"2\" width=\"167\">Modenfelddurchmesser (MFD)<\/td>\n<td width=\"96\">1310 nm<\/td>\n<td width=\"85\">\u03bcm<\/td>\n<td width=\"85\">9,2 \u00b1 0,4<\/td>\n<td width=\"85\">9,2 \u00b1 0,4<\/td>\n<td width=\"85\">8,6 \u00b1 0,4<\/td>\n<td width=\"75\">8,6 \u00b1 0,4<\/td>\n<\/tr>\n<tr>\n<td width=\"96\">1550 nm<\/td>\n<td width=\"85\">\u03bcm<\/td>\n<td width=\"85\">10,4 \u00b1 0,5<\/td>\n<td width=\"85\">10,4 \u00b1 0,5<\/td>\n<td width=\"85\">9,6 \u00b1 0,5<\/td>\n<td width=\"75\">9,6 \u00b1 0,5<\/td>\n<\/tr>\n<tr>\n<td rowspan=\"2\" width=\"167\">D\u00e4mpfungsdiskontinuit\u00e4t<\/td>\n<td width=\"96\">1310 nm<\/td>\n<td width=\"85\">dB<\/td>\n<td width=\"85\">\u22640,03<\/td>\n<td width=\"85\">\u22640,03<\/td>\n<td width=\"85\">\u22640,03<\/td>\n<td width=\"75\">\u22640,03<\/td>\n<\/tr>\n<tr>\n<td width=\"96\">1550 nm<\/td>\n<td width=\"85\">dB<\/td>\n<td width=\"85\">\u22640,03<\/td>\n<td width=\"85\">\u22640,03<\/td>\n<td width=\"85\">\u22640,03<\/td>\n<td width=\"75\">\u22640,03<\/td>\n<\/tr>\n<tr>\n<td rowspan=\"2\" width=\"167\">Bidirektionale D\u00e4mpfung<\/td>\n<td width=\"96\">1310 nm<\/td>\n<td width=\"85\">dB\/km<\/td>\n<td width=\"85\">\u22640,04<\/td>\n<td width=\"85\"><\/td>\n<td width=\"85\"><\/td>\n<td width=\"75\">\u22640,05<\/td>\n<\/tr>\n<tr>\n<td width=\"96\">1550 nm<\/td>\n<td width=\"85\">dB\/km<\/td>\n<td width=\"85\">\u22640,04<\/td>\n<td width=\"85\"><\/td>\n<td width=\"85\"><\/td>\n<td width=\"75\">\u22640,05<\/td>\n<\/tr>\n<tr>\n<td colspan=\"3\" width=\"349\"><strong><b>Geometrisch<\/b><\/strong><\/td>\n<td colspan=\"4\" width=\"330\"><\/td>\n<\/tr>\n<tr>\n<td colspan=\"2\" width=\"264\">Manteldurchmesser<\/td>\n<td width=\"85\">\u03bcm<\/td>\n<td width=\"85\">125\u00b10,7<\/td>\n<td width=\"85\">125\u00b10,7<\/td>\n<td width=\"85\">125\u00b10,7<\/td>\n<td width=\"75\">125\u00b10,7<\/td>\n<\/tr>\n<tr>\n<td colspan=\"2\" width=\"264\">Unrundheit der Verkleidung<\/td>\n<td width=\"85\">%<\/td>\n<td width=\"85\">\u22641,0<\/td>\n<td width=\"85\">\u22641,0<\/td>\n<td width=\"85\">\u22640,8<\/td>\n<td width=\"75\">\u22640,7<\/td>\n<\/tr>\n<tr>\n<td colspan=\"2\" width=\"264\">Kern-\/Mantel-Konzentrizit\u00e4tsfehler<\/td>\n<td width=\"85\">\u03bcm<\/td>\n<td width=\"85\">\u22640,6<\/td>\n<td width=\"85\">\u22640,5<\/td>\n<td width=\"85\">\u22640,5<\/td>\n<td width=\"75\">\u22640,5<\/td>\n<\/tr>\n<tr>\n<td colspan=\"2\" rowspan=\"2\" width=\"264\">Beschichtungsdurchmesser (ungef\u00e4rbt)<\/td>\n<td width=\"85\">\u03bcm<\/td>\n<td colspan=\"4\" width=\"330\">242\u00b17 (Standard)<\/td>\n<\/tr>\n<tr>\n<td width=\"85\">\u03bcm<\/td>\n<td colspan=\"4\" width=\"330\">200\u00b110 (optional)<\/td>\n<\/tr>\n<tr>\n<td colspan=\"2\" width=\"264\">Konzentrizit\u00e4tsfehler der Beschichtung\/Verkleidung<\/td>\n<td width=\"85\">\u03bcm<\/td>\n<td width=\"85\">\u226412<\/td>\n<td width=\"85\">\u226412<\/td>\n<td width=\"85\">\u226412<\/td>\n<td width=\"75\">\u226412<\/td>\n<\/tr>\n<tr>\n<td colspan=\"2\" width=\"264\">Locken<\/td>\n<td width=\"85\">m<\/td>\n<td width=\"85\">\u22654<\/td>\n<td width=\"85\">\u22654<\/td>\n<td width=\"85\">\u22654<\/td>\n<td width=\"75\">\u22654<\/td>\n<\/tr>\n<tr>\n<td colspan=\"3\" width=\"349\"><strong><b>Umwelt (1550 nm, 1625 nm)<\/b><\/strong><\/td>\n<td colspan=\"4\" width=\"330\"><\/td>\n<\/tr>\n<tr>\n<td width=\"167\">Temperaturwechsel<\/td>\n<td width=\"96\">-60\u2103 bis +85\u2103<\/td>\n<td width=\"85\">dB\/km<\/td>\n<td width=\"85\">\u22640,03<\/td>\n<td width=\"85\">\u22640,05<\/td>\n<td width=\"85\">\u22640,05<\/td>\n<td width=\"75\">\u22640,05<\/td>\n<\/tr>\n<tr>\n<td width=\"167\">Hohe Temperatur &amp;<\/p>\n<p>Hohe Luftfeuchtigkeit<\/td>\n<td width=\"96\">85\u2103, 85% RH, 30 Tage<\/td>\n<td width=\"85\">dB\/km<\/td>\n<td width=\"85\">\u22640,03<\/td>\n<td width=\"85\">\u22640,05<\/td>\n<td width=\"85\">\u22640,05<\/td>\n<td width=\"75\">\u22640,05<\/td>\n<\/tr>\n<tr>\n<td width=\"167\">Eintauchen in Wasser<\/td>\n<td width=\"96\">23\u2103, 30 Tage<\/td>\n<td width=\"85\">dB\/km<\/td>\n<td width=\"85\">\u22640,03<\/td>\n<td width=\"85\">\u22640,05<\/td>\n<td width=\"85\">\u22640,05<\/td>\n<td width=\"75\">\u22640,05<\/td>\n<\/tr>\n<tr>\n<td width=\"167\">Hochtemperaturalterung<\/td>\n<td width=\"96\">85\u2103, 30 Tage<\/td>\n<td width=\"85\">dB\/km<\/td>\n<td width=\"85\">\u22640,03<\/td>\n<td width=\"85\">\u22640,05<\/td>\n<td width=\"85\">\u22640,05<\/td>\n<td width=\"75\">\u22640,05<\/td>\n<\/tr>\n<\/tbody>\n<\/table>\n<p>&nbsp;<\/p>\n<p><strong>Anwendung:<\/strong><\/p>\n<p>Wird in der Luft- und Kanalzugangsverkabelung verwendet<\/p>\n<p>Kann in kleinen Biegeumgebungen installiert werden<\/p>\n<p>Geeignet f\u00fcr die Verbindung zwischen Innen- und Au\u00dfenbereich<\/p>\n<p>Speziell dort eingesetzt, wo eine gute D\u00e4mmleistung erwartet wird<\/p>\n<p>&nbsp;<\/p>\n<p><strong>Ideale L\u00f6sung f\u00fcr den Einsatz von FTTH-Drop-Kabeln<\/strong><\/p>\n<p>Mit seinem raucharmen, halogenfreien und flammhemmenden Innen- und Au\u00dfenmantel kann dieses Kabel insbesondere f\u00fcr Luft- und Kanalzugangskabel verwendet werden und ist f\u00fcr die Verbindung zwischen Innen- und Au\u00dfenbereich geeignet. Es kann auch direkt an Kommunikationsger\u00e4te angeschlossen werden.<\/p>\n<p><img fetchpriority=\"high\" decoding=\"async\" class=\"alignnone size-full wp-image-10681\" src=\"https:\/\/www.omccable.com\/wp-content\/uploads\/2024\/04\/20161029115342_347.jpg\" alt=\"1-4F FTTH Single-Armored outdoor drop cable\" width=\"1100\" height=\"467\" srcset=\"https:\/\/www.omccable.com\/wp-content\/uploads\/2024\/04\/20161029115342_347.jpg 1100w, https:\/\/www.omccable.com\/wp-content\/uploads\/2024\/04\/20161029115342_347-300x127.jpg 300w, https:\/\/www.omccable.com\/wp-content\/uploads\/2024\/04\/20161029115342_347-800x340.jpg 800w, https:\/\/www.omccable.com\/wp-content\/uploads\/2024\/04\/20161029115342_347-768x326.jpg 768w\" sizes=\"(max-width: 1100px) 100vw, 1100px\" \/><\/p>","protected":false},"excerpt":{"rendered":"<p>FTTH Single-Armored-Drop-Kabel f\u00fcr den Au\u00dfenbereich, die auch als Conduit-Glasfaserkabel oder unterirdisches Glasfaserkabel bezeichnet werden, werden normalerweise durch die Verlegung in unterirdischen Kan\u00e4len implementiert, und die Kan\u00e4le werden normalerweise im Boden vergraben. Zum Aufbau des Kabels wird in der Mitte des Kabels ein bogenf\u00f6rmiges FTTH-Indoor-Drop-Kabel platziert. In Ordnung [\u2026]<\/p>","protected":false},"featured_media":11829,"comment_status":"closed","ping_status":"closed","template":"","meta":{"site-sidebar-layout":"default","site-content-layout":"","ast-site-content-layout":"default","site-content-style":"default","site-sidebar-style":"default","ast-global-header-display":"","ast-banner-title-visibility":"","ast-main-header-display":"","ast-hfb-above-header-display":"","ast-hfb-below-header-display":"","ast-hfb-mobile-header-display":"","site-post-title":"","ast-breadcrumbs-content":"","ast-featured-img":"","footer-sml-layout":"","theme-transparent-header-meta":"default","adv-header-id-meta":"","stick-header-meta":"default","header-above-stick-meta":"","header-main-stick-meta":"","header-below-stick-meta":"","astra-migrate-meta-layouts":"set","ast-page-background-enabled":"default","ast-page-background-meta":{"desktop":{"background-color":"var(--ast-global-color-4)","background-image":"","background-repeat":"repeat","background-position":"center center","background-size":"auto","background-attachment":"scroll","background-type":"","background-media":"","overlay-type":"","overlay-color":"","overlay-gradient":""},"tablet":{"background-color":"","background-image":"","background-repeat":"repeat","background-position":"center center","background-size":"auto","background-attachment":"scroll","background-type":"","background-media":"","overlay-type":"","overlay-color":"","overlay-gradient":""},"mobile":{"background-color":"","background-image":"","background-repeat":"repeat","background-position":"center center","background-size":"auto","background-attachment":"scroll","background-type":"","background-media":"","overlay-type":"","overlay-color":"","overlay-gradient":""}},"ast-content-background-meta":{"desktop":{"background-color":"var(--ast-global-color-5)","background-image":"","background-repeat":"repeat","background-position":"center center","background-size":"auto","background-attachment":"scroll","background-type":"","background-media":"","overlay-type":"","overlay-color":"","overlay-gradient":""},"tablet":{"background-color":"var(--ast-global-color-5)","background-image":"","background-repeat":"repeat","background-position":"center center","background-size":"auto","background-attachment":"scroll","background-type":"","background-media":"","overlay-type":"","overlay-color":"","overlay-gradient":""},"mobile":{"background-color":"var(--ast-global-color-5)","background-image":"","background-repeat":"repeat","background-position":"center center","background-size":"auto","background-attachment":"scroll","background-type":"","background-media":"","overlay-type":"","overlay-color":"","overlay-gradient":""}}},"product_cat":[136,122],"product_tag":[],"class_list":{"0":"post-10676","1":"product","2":"type-product","3":"status-publish","4":"has-post-thumbnail","6":"product_cat-1-4cores-single-armored-outdoor-ftth-drop-cable","7":"product_cat-ftth-drop-cable","8":"desktop-align-left","9":"tablet-align-left","10":"mobile-align-left","11":"ast-product-gallery-layout-horizontal-slider","12":"ast-product-tabs-layout-horizontal","14":"first","15":"instock","16":"shipping-taxable","17":"product-type-simple"},"acf":[],"_links":{"self":[{"href":"https:\/\/www.omccable.com\/de\/wp-json\/wp\/v2\/product\/10676","targetHints":{"allow":["GET"]}}],"collection":[{"href":"https:\/\/www.omccable.com\/de\/wp-json\/wp\/v2\/product"}],"about":[{"href":"https:\/\/www.omccable.com\/de\/wp-json\/wp\/v2\/types\/product"}],"replies":[{"embeddable":true,"href":"https:\/\/www.omccable.com\/de\/wp-json\/wp\/v2\/comments?post=10676"}],"version-history":[{"count":7,"href":"https:\/\/www.omccable.com\/de\/wp-json\/wp\/v2\/product\/10676\/revisions"}],"predecessor-version":[{"id":13287,"href":"https:\/\/www.omccable.com\/de\/wp-json\/wp\/v2\/product\/10676\/revisions\/13287"}],"wp:featuredmedia":[{"embeddable":true,"href":"https:\/\/www.omccable.com\/de\/wp-json\/wp\/v2\/media\/11829"}],"wp:attachment":[{"href":"https:\/\/www.omccable.com\/de\/wp-json\/wp\/v2\/media?parent=10676"}],"wp:term":[{"taxonomy":"product_cat","embeddable":true,"href":"https:\/\/www.omccable.com\/de\/wp-json\/wp\/v2\/product_cat?post=10676"},{"taxonomy":"product_tag","embeddable":true,"href":"https:\/\/www.omccable.com\/de\/wp-json\/wp\/v2\/product_tag?post=10676"}],"curies":[{"name":"wp","href":"https:\/\/api.w.org\/{rel}","templated":true}]}}