{"id":10666,"date":"2024-04-29T10:01:40","date_gmt":"2024-04-29T02:01:40","guid":{"rendered":"https:\/\/www.omccable.com\/?post_type=product&#038;p=10666"},"modified":"2025-07-28T10:40:40","modified_gmt":"2025-07-28T02:40:40","slug":"8-12-cores-aerial-self-support-ftth-drop-cable","status":"publish","type":"product","link":"https:\/\/www.omccable.com\/de\/produkt\/8-12-cores-aerial-self-support-ftth-drop-cable\/","title":{"rendered":"8-12 Kerne selbsttragendes FTTH-Abzweigkabel f\u00fcr die Luft"},"content":{"rendered":"<p>Das selbsttragende FTTH-Drop-Kabel mit 8 bis 12 Kernen ist ein mehrfaseriges FTTH-Drop-Kabel f\u00fcr den Au\u00dfenbereich. Der Querschnitt ist schmetterlingsf\u00f6rmig. Maximal 12 St\u00fcck SM-Fasern befinden sich in der geometrischen Mitte der schmetterlingsf\u00f6rmigen Form. Das Verst\u00e4rkungselement befindet sich in der Mitte der beiden Kreise, und es kann eine Metall- oder Nichtmetallstruktur verwendet werden, es kann sich also um GFK-, KFRP- oder Stahldraht handeln. Wegen der Antenneninstallation. F\u00fcr eine hohe Zugfestigkeit muss dem Kabel ein Nachrichtendraht aus Metall hinzugef\u00fcgt werden. Abschlie\u00dfend wird ein robuster LSZH-Mantel hinzugef\u00fcgt, um einen flachen Kabelquerschnitt zu schaffen und dem Kabelkern zus\u00e4tzlichen Schutz zu verleihen.<\/p>\n<p>&nbsp;<\/p>\n<p><strong>Eigenschaften<\/strong><\/p>\n<p>Selbsttragende Struktur, geringes Gewicht, einfach zu installieren<\/p>\n<p>Eine spezielle Faser mit geringer Biegeempfindlichkeit bietet eine hohe Bandbreite und hervorragende Kommunikations\u00fcbertragungseigenschaften<\/p>\n<p>Stahldraht als zus\u00e4tzliches Festigkeitselement weist eine hohe Zugfestigkeit auf<\/p>\n<p>Zwei parallele FRP-Festigkeitselemente sorgen f\u00fcr eine gute Druckfestigkeit und sch\u00fctzen die Faser<\/p>\n<p>Einfache Struktur, geringes Gewicht und hohe Praktikabilit\u00e4t<\/p>\n<p>Die Anzahl der Fasern betr\u00e4gt 1\u201312 Kerne, auf Anfrage k\u00f6nnen auch andere Faserkerne verwendet werden.<\/p>\n<p>Neuartiges Wellendesign, einfaches Abisolieren und Splei\u00dfen, vereinfacht die Installation und Wartung<\/p>\n<p>Langlebiger und flammhemmender LSZH-Mantel, raucharm, kein Halogen<\/p>\n<p>&nbsp;<\/p>\n<p><strong>Technische Daten des Kabels<\/strong><strong>:<\/strong><\/p>\n<table>\n<tbody>\n<tr>\n<td width=\"253\">Anzahl der Fasern<\/td>\n<td width=\"367\">8-12F<\/td>\n<\/tr>\n<tr>\n<td rowspan=\"2\" width=\"253\">Selbsttragendes Kraftmitglied<\/td>\n<td width=\"367\">Massiver Stahldraht\/Stahllitzendraht<\/td>\n<\/tr>\n<tr>\n<td width=\"367\">1,2 mm<\/td>\n<\/tr>\n<tr>\n<td rowspan=\"2\" width=\"253\">Kraftmitglied<\/td>\n<td width=\"367\">FRP\/KFRP\/Massivstahldraht<\/td>\n<\/tr>\n<tr>\n<td width=\"367\">0,45\u20130,52 mm<\/td>\n<\/tr>\n<tr>\n<td width=\"253\">Kabeldurchmesser (mm) Ca.<\/td>\n<td width=\"367\">2,8*6,3(\u00b10,1)<\/td>\n<\/tr>\n<tr>\n<td width=\"253\">Kabelgewicht (kg\/km) Ca.<\/td>\n<td width=\"367\">34\/35<\/td>\n<\/tr>\n<tr>\n<td width=\"253\">Zugfestigkeit kurz-\/langfristig (N)<\/td>\n<td width=\"367\">800\/400<\/td>\n<\/tr>\n<tr>\n<td width=\"253\">Druckfestigkeit kurz-\/langfristig (N\/100 mm)<\/td>\n<td width=\"367\">2200\/1000<\/td>\n<\/tr>\n<tr>\n<td width=\"253\">Betriebstemperaturbereich (\u00b0C)<\/td>\n<td width=\"367\">-40\u00b0C ~+70\u00b0C<\/td>\n<\/tr>\n<\/tbody>\n<\/table>\n<p>&nbsp;<\/p>\n<p><strong>Wichtigste mechanische und umweltbezogene Leistungen<\/strong><\/p>\n<table>\n<tbody>\n<tr>\n<td width=\"139\">Artikel<\/td>\n<td width=\"151\">Teststandard<\/td>\n<td width=\"151\">Angegebener Wert<\/td>\n<td width=\"160\">Anforderungen<\/td>\n<\/tr>\n<tr>\n<td width=\"139\">Spannung<\/td>\n<td width=\"151\">IEC 60794-1-2-E1<\/td>\n<td width=\"151\">Siehe Technische Daten<\/td>\n<td width=\"160\">Zus\u00e4tzliche D\u00e4mpfung:<\/p>\n<p>\u22640,4 dB nach dem Test<\/td>\n<\/tr>\n<tr>\n<td width=\"139\">Zerquetschen<\/td>\n<td width=\"151\">IEC 60794-1-2-E3<\/td>\n<td width=\"151\">Siehe Technische Daten<\/td>\n<td width=\"160\">Zus\u00e4tzliche D\u00e4mpfung:<\/p>\n<p>\u22640,4 dB nach dem Test<\/td>\n<\/tr>\n<tr>\n<td width=\"139\">Auswirkungen<\/td>\n<td width=\"151\">IEC 60794-1-2-E4<\/td>\n<td width=\"151\">R=300mm, 10Nm,<\/p>\n<p>einer an 3 verschiedenen Orten<\/td>\n<td width=\"160\">Zus\u00e4tzliche D\u00e4mpfung:<\/p>\n<p>\u22640,4 dB nach dem Test<\/td>\n<\/tr>\n<tr>\n<td width=\"139\">Wiederholtes Biegen<\/td>\n<td width=\"151\">IEC 60794-1-2-E6<\/td>\n<td width=\"151\">R=30H<\/td>\n<td width=\"160\">Zus\u00e4tzliche D\u00e4mpfung:<\/p>\n<p>\u22640,4 dB nach dem Test<\/td>\n<\/tr>\n<tr>\n<td width=\"139\">Temperaturwechsel<\/td>\n<td width=\"151\">IEC 60794-1-2-F1<\/td>\n<td width=\"151\">-40\u2103~+70\u2103<\/td>\n<td width=\"160\">D\u00e4mpfungs\u00e4nderung:<\/p>\n<p>\u22640,4 dB\/km nach dem Test<\/td>\n<\/tr>\n<\/tbody>\n<\/table>\n<p>Lagertemperatur: -20\u00b0C ~+50\u00b0C<\/p>\n<p>F\u00fcr andere Fasern wenden Sie sich bitte an unseren Vertriebsmitarbeiter.<\/p>\n<p>&nbsp;<\/p>\n<p><strong><b>Technische Parameter der optischen Faser-SM<\/b><\/strong><\/p>\n<table>\n<tbody>\n<tr>\n<td rowspan=\"2\" width=\"167\"><strong><b>Parameter<\/b><\/strong><\/td>\n<td rowspan=\"2\" width=\"96\"><strong><b>Bedingungen<\/b><\/strong><\/td>\n<td rowspan=\"2\" width=\"85\"><strong><b>Einheiten<\/b><\/strong><\/td>\n<td colspan=\"4\" width=\"330\"><strong><b>Wert<\/b><\/strong><\/td>\n<\/tr>\n<tr>\n<td width=\"85\"><strong><b>G652D<\/b><\/strong><\/td>\n<td width=\"85\"><strong><b>G657A1<\/b><\/strong><\/td>\n<td width=\"85\"><strong><b>G657A2<\/b><\/strong><\/td>\n<td width=\"75\"><strong><b>G657B3<\/b><\/strong><\/td>\n<\/tr>\n<tr>\n<td colspan=\"3\" width=\"349\"><strong><b>Optische Spezifikation<\/b><\/strong><\/td>\n<td colspan=\"4\" width=\"330\"><strong><b>\u3000<\/b><\/strong><\/td>\n<\/tr>\n<tr>\n<td rowspan=\"4\" width=\"167\">D\u00e4mpfung<\/td>\n<td width=\"96\">1310 nm<\/td>\n<td width=\"85\">dB\/km<\/td>\n<td width=\"85\">\u22640,350<\/td>\n<td width=\"85\">\u22640,350<\/td>\n<td width=\"85\">\u22640,350<\/td>\n<td width=\"75\">\u22640,350<\/td>\n<\/tr>\n<tr>\n<td width=\"96\">1383 nm<\/td>\n<td width=\"85\">dB\/km<\/td>\n<td width=\"85\">\u22640,330<\/td>\n<td width=\"85\">\u22640,350<\/td>\n<td width=\"85\">\u22640,350<\/td>\n<td width=\"75\">\u22640,350<\/td>\n<\/tr>\n<tr>\n<td width=\"96\">1550 nm<\/td>\n<td width=\"85\">dB\/km<\/td>\n<td width=\"85\">\u22640,210<\/td>\n<td width=\"85\">\u22640,210<\/td>\n<td width=\"85\">\u22640,210<\/td>\n<td width=\"75\">\u22640,210<\/td>\n<\/tr>\n<tr>\n<td width=\"96\">1625 nm<\/td>\n<td width=\"85\">dB\/km<\/td>\n<td width=\"85\">\u22640,240<\/td>\n<td width=\"85\">\u22640,230<\/td>\n<td width=\"85\">\u22640,230<\/td>\n<td width=\"75\">\u22640,230<\/td>\n<\/tr>\n<tr>\n<td rowspan=\"3\" width=\"167\">D\u00e4mpfung vs. Wellenl\u00e4nge<\/td>\n<td width=\"96\">1310 nm VS. 1285-1330 nm<\/td>\n<td width=\"85\">dB\/km<\/td>\n<td width=\"85\">\u22640,04<\/td>\n<td width=\"85\">\u22640,04<\/td>\n<td width=\"85\">\u22640,05<\/td>\n<td width=\"75\">\u22640,03<\/td>\n<\/tr>\n<tr>\n<td width=\"96\">1550 nm VS. 1525\u20131575 nm<\/td>\n<td width=\"85\">dB\/km<\/td>\n<td width=\"85\">\u22640,03<\/td>\n<td width=\"85\">\u22640,03<\/td>\n<td width=\"85\">\u22640,04<\/td>\n<td width=\"75\">\u22640,02<\/td>\n<\/tr>\n<tr>\n<td width=\"96\">1550 nm VS. 1480-1580 nm<\/td>\n<td width=\"85\">dB\/km<\/td>\n<td width=\"85\">\u22640,04<\/td>\n<td width=\"85\">\u2013<\/td>\n<td width=\"85\">\u2013<\/td>\n<td width=\"75\">\u2013<\/td>\n<\/tr>\n<tr>\n<td width=\"167\">Nulldispersionswellenl\u00e4nge<\/td>\n<td rowspan=\"2\" width=\"96\">\\<\/td>\n<td width=\"85\">nm<\/td>\n<td width=\"85\">1300-1324<\/td>\n<td width=\"85\">1300-1324<\/td>\n<td width=\"85\">1300-1324<\/td>\n<td width=\"75\">1300-1324<\/td>\n<\/tr>\n<tr>\n<td width=\"167\">Nulldispersionssteigung<\/td>\n<td width=\"85\">ps\/(nm<sup>2<\/sup>\u00b7km)<\/td>\n<td width=\"85\">0.073-0.092<\/td>\n<td width=\"85\">0.073-0.092<\/td>\n<td width=\"85\">0.073-0.092<\/td>\n<td width=\"75\">\u22640,092<\/td>\n<\/tr>\n<tr>\n<td rowspan=\"2\" width=\"167\">Streuung<\/td>\n<td width=\"96\">1550 nm<\/td>\n<td width=\"85\">ps\/(nm\u00b7km)<\/td>\n<td width=\"85\">13.3-18.6<\/td>\n<td width=\"85\">13.3-18.6<\/td>\n<td width=\"85\">13.3-18.6<\/td>\n<td width=\"75\"><\/td>\n<\/tr>\n<tr>\n<td width=\"96\">1625 nm<\/td>\n<td width=\"85\">ps\/(nm\u00b7km)<\/td>\n<td width=\"85\">17.2-23.7<\/td>\n<td width=\"85\">17.2-23.7<\/td>\n<td width=\"85\">17.2-23.7<\/td>\n<td width=\"75\"><\/td>\n<\/tr>\n<tr>\n<td colspan=\"2\" width=\"264\">Polarisationsmodendispersion (PMD)<\/td>\n<td width=\"85\">ps\/\u221akm<\/td>\n<td width=\"85\">\u22640,2<\/td>\n<td width=\"85\">\u22640,2<\/td>\n<td width=\"85\">\u22640,2<\/td>\n<td width=\"75\">\u22640,2<\/td>\n<\/tr>\n<tr>\n<td width=\"167\">Grenzwellenl\u00e4nge \u03bbcc<\/td>\n<td width=\"96\">\u2013<\/td>\n<td width=\"85\">nm<\/td>\n<td width=\"85\">\u22641260<\/td>\n<td width=\"85\">\u22641260<\/td>\n<td width=\"85\">\u22641260<\/td>\n<td width=\"75\">\u22641260<\/td>\n<\/tr>\n<tr>\n<td rowspan=\"2\" width=\"167\">Modenfelddurchmesser (MFD)<\/td>\n<td width=\"96\">1310 nm<\/td>\n<td width=\"85\">\u03bcm<\/td>\n<td width=\"85\">9,2 \u00b1 0,4<\/td>\n<td width=\"85\">9,2 \u00b1 0,4<\/td>\n<td width=\"85\">8,6 \u00b1 0,4<\/td>\n<td width=\"75\">8,6 \u00b1 0,4<\/td>\n<\/tr>\n<tr>\n<td width=\"96\">1550 nm<\/td>\n<td width=\"85\">\u03bcm<\/td>\n<td width=\"85\">10,4 \u00b1 0,5<\/td>\n<td width=\"85\">10,4 \u00b1 0,5<\/td>\n<td width=\"85\">9,6 \u00b1 0,5<\/td>\n<td width=\"75\">9,6 \u00b1 0,5<\/td>\n<\/tr>\n<tr>\n<td rowspan=\"2\" width=\"167\">D\u00e4mpfungsdiskontinuit\u00e4t<\/td>\n<td width=\"96\">1310 nm<\/td>\n<td width=\"85\">dB<\/td>\n<td width=\"85\">\u22640,03<\/td>\n<td width=\"85\">\u22640,03<\/td>\n<td width=\"85\">\u22640,03<\/td>\n<td width=\"75\">\u22640,03<\/td>\n<\/tr>\n<tr>\n<td width=\"96\">1550 nm<\/td>\n<td width=\"85\">dB<\/td>\n<td width=\"85\">\u22640,03<\/td>\n<td width=\"85\">\u22640,03<\/td>\n<td width=\"85\">\u22640,03<\/td>\n<td width=\"75\">\u22640,03<\/td>\n<\/tr>\n<tr>\n<td rowspan=\"2\" width=\"167\">Bidirektionale D\u00e4mpfung<\/td>\n<td width=\"96\">1310 nm<\/td>\n<td width=\"85\">dB\/km<\/td>\n<td width=\"85\">\u22640,04<\/td>\n<td width=\"85\"><\/td>\n<td width=\"85\"><\/td>\n<td width=\"75\">\u22640,05<\/td>\n<\/tr>\n<tr>\n<td width=\"96\">1550 nm<\/td>\n<td width=\"85\">dB\/km<\/td>\n<td width=\"85\">\u22640,04<\/td>\n<td width=\"85\"><\/td>\n<td width=\"85\"><\/td>\n<td width=\"75\">\u22640,05<\/td>\n<\/tr>\n<tr>\n<td colspan=\"3\" width=\"349\"><strong><b>Geometrisch<\/b><\/strong><\/td>\n<td colspan=\"4\" width=\"330\"><\/td>\n<\/tr>\n<tr>\n<td colspan=\"2\" width=\"264\">Manteldurchmesser<\/td>\n<td width=\"85\">\u03bcm<\/td>\n<td width=\"85\">125\u00b10,7<\/td>\n<td width=\"85\">125\u00b10,7<\/td>\n<td width=\"85\">125\u00b10,7<\/td>\n<td width=\"75\">125\u00b10,7<\/td>\n<\/tr>\n<tr>\n<td colspan=\"2\" width=\"264\">Unrundheit der Verkleidung<\/td>\n<td width=\"85\">%<\/td>\n<td width=\"85\">\u22641,0<\/td>\n<td width=\"85\">\u22641,0<\/td>\n<td width=\"85\">\u22640,8<\/td>\n<td width=\"75\">\u22640,7<\/td>\n<\/tr>\n<tr>\n<td colspan=\"2\" width=\"264\">Kern-\/Mantel-Konzentrizit\u00e4tsfehler<\/td>\n<td width=\"85\">\u03bcm<\/td>\n<td width=\"85\">\u22640,6<\/td>\n<td width=\"85\">\u22640,5<\/td>\n<td width=\"85\">\u22640,5<\/td>\n<td width=\"75\">\u22640,5<\/td>\n<\/tr>\n<tr>\n<td colspan=\"2\" rowspan=\"2\" width=\"264\">Beschichtungsdurchmesser (ungef\u00e4rbt)<\/td>\n<td width=\"85\">\u03bcm<\/td>\n<td colspan=\"4\" width=\"330\">242\u00b17 (Standard)<\/td>\n<\/tr>\n<tr>\n<td width=\"85\">\u03bcm<\/td>\n<td colspan=\"4\" width=\"330\">200\u00b110 (optional)<\/td>\n<\/tr>\n<tr>\n<td colspan=\"2\" width=\"264\">Konzentrizit\u00e4tsfehler der Beschichtung\/Verkleidung<\/td>\n<td width=\"85\">\u03bcm<\/td>\n<td width=\"85\">\u226412<\/td>\n<td width=\"85\">\u226412<\/td>\n<td width=\"85\">\u226412<\/td>\n<td width=\"75\">\u226412<\/td>\n<\/tr>\n<tr>\n<td colspan=\"2\" width=\"264\">Locken<\/td>\n<td width=\"85\">m<\/td>\n<td width=\"85\">\u22654<\/td>\n<td width=\"85\">\u22654<\/td>\n<td width=\"85\">\u22654<\/td>\n<td width=\"75\">\u22654<\/td>\n<\/tr>\n<tr>\n<td colspan=\"3\" width=\"349\"><strong><b>Umwelt (1550 nm, 1625 nm)<\/b><\/strong><\/td>\n<td colspan=\"4\" width=\"330\"><\/td>\n<\/tr>\n<tr>\n<td width=\"167\">Temperaturwechsel<\/td>\n<td width=\"96\">-60\u2103 bis +85\u2103<\/td>\n<td width=\"85\">dB\/km<\/td>\n<td width=\"85\">\u22640,03<\/td>\n<td width=\"85\">\u22640,05<\/td>\n<td width=\"85\">\u22640,05<\/td>\n<td width=\"75\">\u22640,05<\/td>\n<\/tr>\n<tr>\n<td width=\"167\">Hohe Temperatur &amp;<\/p>\n<p>Hohe Luftfeuchtigkeit<\/td>\n<td width=\"96\">85\u2103, 85% RH, 30 Tage<\/td>\n<td width=\"85\">dB\/km<\/td>\n<td width=\"85\">\u22640,03<\/td>\n<td width=\"85\">\u22640,05<\/td>\n<td width=\"85\">\u22640,05<\/td>\n<td width=\"75\">\u22640,05<\/td>\n<\/tr>\n<tr>\n<td width=\"167\">Eintauchen in Wasser<\/td>\n<td width=\"96\">23\u2103, 30 Tage<\/td>\n<td width=\"85\">dB\/km<\/td>\n<td width=\"85\">\u22640,03<\/td>\n<td width=\"85\">\u22640,05<\/td>\n<td width=\"85\">\u22640,05<\/td>\n<td width=\"75\">\u22640,05<\/td>\n<\/tr>\n<tr>\n<td width=\"167\">Hochtemperaturalterung<\/td>\n<td width=\"96\">85\u2103, 30 Tage<\/td>\n<td width=\"85\">dB\/km<\/td>\n<td width=\"85\">\u22640,03<\/td>\n<td width=\"85\">\u22640,05<\/td>\n<td width=\"85\">\u22640,05<\/td>\n<td width=\"75\">\u22640,05<\/td>\n<\/tr>\n<\/tbody>\n<\/table>\n<p>&nbsp;<\/p>\n<p><strong>Anwendung<\/strong><\/p>\n<p>Au\u00dfenantennenanwendung<\/p>\n<p>Wird in den FTTH-Projekten verwendet<\/p>\n<p>Optische Hochgeschwindigkeitsstrecken im Geb\u00e4ude<\/p>\n<p>Hochleistungsf\u00e4higer optischer Netzwerkbetrieb<\/p>\n<p>&nbsp;<\/p>\n<p><strong>Ideale L\u00f6sung durch Verwendung eines selbsttragenden FTTH-Drop-Kabels<\/strong><\/p>\n<p>Ein FTTH-Netzwerk mit hoher Kapazit\u00e4t bietet Ihnen die M\u00f6glichkeit, einen Wettbewerbsvorteil aufzubauen und ein \u00f6kologisch nachhaltiges Netzwerk aufrechtzuerhalten, das weniger Strom verbraucht. Aufgrund seiner einfachen Struktur und seines geringen Gewichts wird das selbsttragende FTTH-Drop-Kabel dringend f\u00fcr die Verbindung von Au\u00dfen- und Innenkabeln empfohlen.<\/p>\n<p><img fetchpriority=\"high\" decoding=\"async\" class=\"alignnone size-full wp-image-10670\" src=\"https:\/\/www.omccable.com\/wp-content\/uploads\/2024\/04\/20161029120811_101-7.jpg\" alt=\"8-12 cores FTTH Aerial Self-support Drop cable\" width=\"1100\" height=\"494\" srcset=\"https:\/\/www.omccable.com\/wp-content\/uploads\/2024\/04\/20161029120811_101-7.jpg 1100w, https:\/\/www.omccable.com\/wp-content\/uploads\/2024\/04\/20161029120811_101-7-300x135.jpg 300w, https:\/\/www.omccable.com\/wp-content\/uploads\/2024\/04\/20161029120811_101-7-800x359.jpg 800w, https:\/\/www.omccable.com\/wp-content\/uploads\/2024\/04\/20161029120811_101-7-768x345.jpg 768w\" sizes=\"(max-width: 1100px) 100vw, 1100px\" \/><\/p>","protected":false},"excerpt":{"rendered":"<p>Das selbsttragende FTTH-Drop-Kabel mit 8 bis 12 Kernen ist ein mehrfaseriges FTTH-Drop-Kabel f\u00fcr den Au\u00dfenbereich. Der Querschnitt ist schmetterlingsf\u00f6rmig. Maximal 12 St\u00fcck SM-Fasern befinden sich in der geometrischen Mitte der schmetterlingsf\u00f6rmigen Form. Das Verst\u00e4rkungselement befindet sich in der Mitte der beiden Kreise, und die Metall- oder Nichtmetallstruktur kann verwendet werden, sodass sie [\u2026]<\/p>","protected":false},"featured_media":10669,"comment_status":"closed","ping_status":"closed","template":"","meta":{"site-sidebar-layout":"default","site-content-layout":"","ast-site-content-layout":"default","site-content-style":"default","site-sidebar-style":"default","ast-global-header-display":"","ast-banner-title-visibility":"","ast-main-header-display":"","ast-hfb-above-header-display":"","ast-hfb-below-header-display":"","ast-hfb-mobile-header-display":"","site-post-title":"","ast-breadcrumbs-content":"","ast-featured-img":"","footer-sml-layout":"","theme-transparent-header-meta":"default","adv-header-id-meta":"","stick-header-meta":"default","header-above-stick-meta":"","header-main-stick-meta":"","header-below-stick-meta":"","astra-migrate-meta-layouts":"set","ast-page-background-enabled":"default","ast-page-background-meta":{"desktop":{"background-color":"var(--ast-global-color-4)","background-image":"","background-repeat":"repeat","background-position":"center center","background-size":"auto","background-attachment":"scroll","background-type":"","background-media":"","overlay-type":"","overlay-color":"","overlay-gradient":""},"tablet":{"background-color":"","background-image":"","background-repeat":"repeat","background-position":"center center","background-size":"auto","background-attachment":"scroll","background-type":"","background-media":"","overlay-type":"","overlay-color":"","overlay-gradient":""},"mobile":{"background-color":"","background-image":"","background-repeat":"repeat","background-position":"center center","background-size":"auto","background-attachment":"scroll","background-type":"","background-media":"","overlay-type":"","overlay-color":"","overlay-gradient":""}},"ast-content-background-meta":{"desktop":{"background-color":"var(--ast-global-color-5)","background-image":"","background-repeat":"repeat","background-position":"center center","background-size":"auto","background-attachment":"scroll","background-type":"","background-media":"","overlay-type":"","overlay-color":"","overlay-gradient":""},"tablet":{"background-color":"var(--ast-global-color-5)","background-image":"","background-repeat":"repeat","background-position":"center center","background-size":"auto","background-attachment":"scroll","background-type":"","background-media":"","overlay-type":"","overlay-color":"","overlay-gradient":""},"mobile":{"background-color":"var(--ast-global-color-5)","background-image":"","background-repeat":"repeat","background-position":"center center","background-size":"auto","background-attachment":"scroll","background-type":"","background-media":"","overlay-type":"","overlay-color":"","overlay-gradient":""}}},"product_cat":[135,122],"product_tag":[],"class_list":{"0":"post-10666","1":"product","2":"type-product","3":"status-publish","4":"has-post-thumbnail","6":"product_cat-aerial-self-support-ftth-drop-cable","7":"product_cat-ftth-drop-cable","8":"desktop-align-left","9":"tablet-align-left","10":"mobile-align-left","11":"ast-product-gallery-layout-horizontal-slider","12":"ast-product-tabs-layout-horizontal","14":"first","15":"instock","16":"shipping-taxable","17":"product-type-simple"},"acf":[],"_links":{"self":[{"href":"https:\/\/www.omccable.com\/de\/wp-json\/wp\/v2\/product\/10666","targetHints":{"allow":["GET"]}}],"collection":[{"href":"https:\/\/www.omccable.com\/de\/wp-json\/wp\/v2\/product"}],"about":[{"href":"https:\/\/www.omccable.com\/de\/wp-json\/wp\/v2\/types\/product"}],"replies":[{"embeddable":true,"href":"https:\/\/www.omccable.com\/de\/wp-json\/wp\/v2\/comments?post=10666"}],"version-history":[{"count":4,"href":"https:\/\/www.omccable.com\/de\/wp-json\/wp\/v2\/product\/10666\/revisions"}],"predecessor-version":[{"id":13294,"href":"https:\/\/www.omccable.com\/de\/wp-json\/wp\/v2\/product\/10666\/revisions\/13294"}],"wp:featuredmedia":[{"embeddable":true,"href":"https:\/\/www.omccable.com\/de\/wp-json\/wp\/v2\/media\/10669"}],"wp:attachment":[{"href":"https:\/\/www.omccable.com\/de\/wp-json\/wp\/v2\/media?parent=10666"}],"wp:term":[{"taxonomy":"product_cat","embeddable":true,"href":"https:\/\/www.omccable.com\/de\/wp-json\/wp\/v2\/product_cat?post=10666"},{"taxonomy":"product_tag","embeddable":true,"href":"https:\/\/www.omccable.com\/de\/wp-json\/wp\/v2\/product_tag?post=10666"}],"curies":[{"name":"wp","href":"https:\/\/api.w.org\/{rel}","templated":true}]}}