{"id":10615,"date":"2024-04-27T10:35:10","date_gmt":"2024-04-27T02:35:10","guid":{"rendered":"https:\/\/www.omccable.com\/?post_type=product&#038;p=10615"},"modified":"2024-04-27T10:52:49","modified_gmt":"2024-04-27T02:52:49","slug":"1f-aerial-self-support-ftth-drop-cable-solid-wire-x-3","status":"publish","type":"product","link":"https:\/\/www.omccable.com\/de\/produkt\/1f-aerial-self-support-ftth-drop-cable-solid-wire-x-3\/","title":{"rendered":"1F Antennen-Selbsttragendes FTTH-Abzweigkabel \u2013 Massiver Draht x 3"},"content":{"rendered":"<p><b><\/b><strong>Einleitung:<\/strong><\/p>\n<p>&nbsp;<\/p>\n<p>Das selbsttragende FTTH-Drop-Kabel besteht aus einer oder zwei Singlemode-Fasern (G.657A1). Das Kabel ist durch ein durchschlagsfestes Element aus glasfaserverst\u00e4rktem Kunststoff (FRP), Stahldraht und einem LSZH-Au\u00dfenmantel gesch\u00fctzt. Das f\u00fcr die Au\u00dfeninstallation konzipierte Kabel eignet sich gut f\u00fcr Verbindungen zwischen dem Kuppelverschluss und kleinen Wohneinheiten\/Lagerh\u00e4usern und unabh\u00e4ngigen Villen.<\/p>\n<p>&nbsp;<\/p>\n<p><b><\/b><strong>Eigenschaften<\/strong><\/p>\n<p>Selbsttragende Struktur, geringes Gewicht, einfach zu installieren<\/p>\n<p>Eine spezielle Faser mit geringer Biegeempfindlichkeit bietet eine hohe Bandbreite und hervorragende Kommunikations\u00fcbertragungseigenschaften<\/p>\n<p>Stahldraht als zus\u00e4tzliches Festigkeitselement weist eine hohe Zugfestigkeit auf<\/p>\n<p>Zwei parallele FRP-Festigkeitselemente sorgen f\u00fcr eine gute Druckfestigkeit und sch\u00fctzen die Faser<\/p>\n<p>Einfache Struktur, geringes Gewicht und hohe Praktikabilit\u00e4t<\/p>\n<p>Die Anzahl der Fasern betr\u00e4gt 1\u201312 Kerne, auf Anfrage k\u00f6nnen auch andere Faserkerne verwendet werden.<\/p>\n<p>Neuartiges Wellendesign, einfaches Abisolieren und Splei\u00dfen, vereinfacht die Installation und Wartung<\/p>\n<p>Langlebiger und flammhemmender LSZH-Mantel, raucharm, kein Halogen<\/p>\n<p>&nbsp;<\/p>\n<p><b><\/b><strong>Kabel<\/strong><strong>Struktur<\/strong><strong>\u00a0<\/strong><strong>und<\/strong><strong>\u00a0<\/strong><strong>Parameter<\/strong><\/p>\n<table>\n<tbody>\n<tr>\n<td width=\"166\"><strong>Artikel<\/strong><\/td>\n<td width=\"114\"><strong>Inhalt<\/strong><\/td>\n<td width=\"85\"><strong>Einheit<\/strong><\/td>\n<td width=\"345\"><strong>Wert<\/strong><\/td>\n<\/tr>\n<tr>\n<td rowspan=\"3\" width=\"166\"><strong>\u00a0<\/strong><\/p>\n<p>Optische Faser<\/td>\n<td width=\"114\">Modellnummer<\/td>\n<td width=\"85\">\/<\/td>\n<td width=\"345\">G657A2<\/td>\n<\/tr>\n<tr>\n<td width=\"114\">Zahl<\/td>\n<td width=\"85\">\/<\/td>\n<td width=\"345\">1<\/td>\n<\/tr>\n<tr>\n<td width=\"114\">Farbe<\/td>\n<td width=\"85\">\/<\/td>\n<td width=\"345\">Blau<\/td>\n<\/tr>\n<tr>\n<td rowspan=\"2\" width=\"166\">St\u00e4rkemitglied<\/td>\n<td width=\"114\">Material<\/td>\n<td width=\"85\">\/<\/td>\n<td width=\"345\">Phosphatieren von Stahldraht<\/td>\n<\/tr>\n<tr>\n<td width=\"114\">Durchmesser<\/td>\n<td width=\"85\">mm<\/td>\n<td width=\"345\">0.5<\/td>\n<\/tr>\n<tr>\n<td rowspan=\"2\" width=\"166\">Messenger-Draht<\/td>\n<td width=\"114\">Material<\/td>\n<td width=\"85\">\/<\/td>\n<td width=\"345\">Phosphatieren von Stahldraht<\/td>\n<\/tr>\n<tr>\n<td width=\"114\">Durchmesser<\/td>\n<td width=\"85\">mm<\/td>\n<td width=\"345\">1.0<\/td>\n<\/tr>\n<tr>\n<td rowspan=\"3\" width=\"166\"><strong>\u00a0<\/strong><\/p>\n<p>Au\u00dfenmantel<\/td>\n<td width=\"114\">Durchmesser<\/td>\n<td width=\"85\">mm<\/td>\n<td width=\"345\">2,0 \u00b1 0,1 * 5,0 \u00b1 0,2<\/td>\n<\/tr>\n<tr>\n<td width=\"114\">Material<\/td>\n<td width=\"85\">\/<\/td>\n<td width=\"345\">LSZH<\/td>\n<\/tr>\n<tr>\n<td width=\"114\">Farbe<\/td>\n<td width=\"85\">\/<\/td>\n<td width=\"345\">schwarz<\/td>\n<\/tr>\n<tr>\n<td rowspan=\"2\" width=\"166\">Zugleistung<\/td>\n<td width=\"114\">Kurzfristig<\/td>\n<td width=\"85\">N<\/td>\n<td width=\"345\">600 (Faserdehnung \u2264 0,41 TP3T)<\/td>\n<\/tr>\n<tr>\n<td width=\"114\">Langfristig<\/td>\n<td width=\"85\">N<\/td>\n<td width=\"345\">300<\/td>\n<\/tr>\n<tr>\n<td rowspan=\"2\" width=\"166\">Zerquetschen<\/td>\n<td width=\"114\">Kurzfristig<\/td>\n<td width=\"85\">N\/100mm<\/td>\n<td width=\"345\">2200<\/td>\n<\/tr>\n<tr>\n<td width=\"114\">Langfristig<\/td>\n<td width=\"85\">N\/100mm<\/td>\n<td width=\"345\">1000<\/td>\n<\/tr>\n<tr>\n<td colspan=\"2\" width=\"280\">Kabeld\u00e4mpfung<\/td>\n<td width=\"85\">dB\/km<\/td>\n<td width=\"345\">\u2266 0,4 bei 1310 nm, \u2266 0,3 bei 1550 nm<\/td>\n<\/tr>\n<tr>\n<td colspan=\"2\" width=\"280\">Kabelgewicht (ca.) \u00b110%<\/td>\n<td width=\"85\">kg\/km<\/td>\n<td width=\"345\">21<\/td>\n<\/tr>\n<\/tbody>\n<\/table>\n<p>Hinweis: Gr\u00f6\u00dfen und Werte ohne Toleranzen sind Nennwerte<\/p>\n<p>&nbsp;<\/p>\n<p><b><\/b><strong>Merkmal<\/strong><strong>von<\/strong><strong>\u00a0<\/strong><strong>Optisch<\/strong><strong>\u00a0<\/strong><strong>Kabel<\/strong><\/p>\n<ul>\n<li style=\"list-style-type: none;\">\n<ul>\n<li>Biegeradius (ohne Messenger)Statisch: 20mm<\/li>\n<\/ul>\n<\/li>\n<\/ul>\n<p>Dynamisch: 40 mm<\/p>\n<ul>\n<li>AnwendungstemperaturbereichBetrieb: \u2013 20\u2103 ~ +70\u2103 Installation: -20\u2103 ~ +60\u2103 Lagerung\/Transport: \u2013 20\u2103 ~ +70\u2103<\/li>\n<\/ul>\n<p>&nbsp;<\/p>\n<p><strong><b>G657A1<\/b><\/strong><strong><b>\u00a0<\/b><\/strong><strong><b>Merkmal<\/b><\/strong><strong><b>\u00a0<\/b><\/strong><strong><b>von<\/b><\/strong><strong><b>\u00a0<\/b><\/strong><strong><b>Optisch<\/b><\/strong><strong><b>\u00a0<\/b><\/strong><strong><b>Faser<\/b><\/strong><\/p>\n<table>\n<tbody>\n<tr>\n<td colspan=\"2\" rowspan=\"2\" width=\"457\"><strong>Artikel<\/strong><\/td>\n<td rowspan=\"2\" width=\"84\"><strong>Einheit<\/strong><\/td>\n<td width=\"169\"><strong>Spezifikation<\/strong><\/td>\n<\/tr>\n<tr>\n<td width=\"169\">G. 657A1<\/td>\n<\/tr>\n<tr>\n<td rowspan=\"2\" width=\"325\">Modusfelddurchmesser<\/td>\n<td width=\"132\">1310 nm<\/td>\n<td width=\"84\">mm<\/td>\n<td width=\"169\">9,2 \u00b1 0,4<\/td>\n<\/tr>\n<tr>\n<td width=\"132\">1550 nm<\/td>\n<td width=\"84\">mm<\/td>\n<td width=\"169\">10,4 \u00b1 0,5<\/td>\n<\/tr>\n<tr>\n<td colspan=\"2\" width=\"457\">Verkleidungsdurchmesser<\/td>\n<td width=\"84\">mm<\/td>\n<td width=\"169\">125,0 \u00b1 0,7<\/td>\n<\/tr>\n<tr>\n<td colspan=\"2\" width=\"457\">Unrundheit der Verkleidung<\/td>\n<td width=\"84\">%<\/td>\n<td width=\"169\">\u00a31.0<\/td>\n<\/tr>\n<tr>\n<td colspan=\"2\" width=\"457\">Kernkonzentrizit\u00e4tsfehler<\/td>\n<td width=\"84\">mm<\/td>\n<td width=\"169\">\u00a30.5<\/td>\n<\/tr>\n<tr>\n<td colspan=\"2\" width=\"457\">Beschichtungsdurchmesser<\/td>\n<td width=\"84\">mm<\/td>\n<td width=\"169\">242 \u00b1 7<\/td>\n<\/tr>\n<tr>\n<td colspan=\"2\" width=\"457\">Konzentrizit\u00e4tsfehler der Beschichtung\/Verkleidung<\/td>\n<td width=\"84\">mm<\/td>\n<td width=\"169\">\u00a312<\/td>\n<\/tr>\n<tr>\n<td colspan=\"2\" width=\"457\">Kabel-Grenzwellenl\u00e4nge<\/td>\n<td width=\"84\">nm<\/td>\n<td width=\"169\">\u00a3\u00a01260<\/td>\n<\/tr>\n<tr>\n<td rowspan=\"2\" width=\"325\">D\u00e4mpfung<\/td>\n<td width=\"132\">1310 nm<\/td>\n<td width=\"84\">dB\/km<\/td>\n<td width=\"169\">\u00a30.35<\/td>\n<\/tr>\n<tr>\n<td width=\"132\">1550 nm<\/td>\n<td width=\"84\">dB\/km<\/td>\n<td width=\"169\">\u00a30.21<\/td>\n<\/tr>\n<tr>\n<td rowspan=\"2\" width=\"325\">Makrobiegeverlust (\u00d820 mm \u00d7 1)<\/td>\n<td width=\"132\">1550 nm<\/td>\n<td width=\"84\">dB<\/td>\n<td width=\"169\">\u00a30.75<\/td>\n<\/tr>\n<tr>\n<td width=\"132\">1625 nm<\/td>\n<td width=\"84\">dB<\/td>\n<td width=\"169\">\u00a31.5<\/td>\n<\/tr>\n<\/tbody>\n<\/table>\n<p>Andere Parameter entsprechen dem Standard ITU-T G.657<\/p>\n<p>&nbsp;<\/p>\n<p><strong>Anwendung<\/strong><\/p>\n<p>Au\u00dfenantennenanwendung<\/p>\n<p>Wird in den FTTH-Projekten verwendet<\/p>\n<p>Optische Hochgeschwindigkeitsstrecken im Geb\u00e4ude<\/p>\n<p>Hochleistungsf\u00e4higer optischer Netzwerkbetrieb<\/p>\n<p>&nbsp;<\/p>\n<p><strong>Ideale L\u00f6sung durch Verwendung eines selbsttragenden FTTH-Drop-Kabels<\/strong><\/p>\n<p>Ein FTTH-Netzwerk mit hoher Kapazit\u00e4t bietet Ihnen die M\u00f6glichkeit, einen Wettbewerbsvorteil aufzubauen und ein \u00f6kologisch nachhaltiges Netzwerk aufrechtzuerhalten, das weniger Strom verbraucht. Aufgrund seiner einfachen Struktur und seines geringen Gewichts wird das selbsttragende FTTH-Drop-Kabel dringend f\u00fcr die Verbindung von Au\u00dfen- und Innenkabeln empfohlen.<\/p>\n<p><img fetchpriority=\"high\" decoding=\"async\" class=\"alignnone size-full wp-image-10619\" src=\"https:\/\/www.omccable.com\/wp-content\/uploads\/2024\/04\/20161029120811_101.jpg\" alt=\"1F Aerial Self-support FTTH Drop cable-Solid wire x 3\" width=\"1100\" height=\"494\" srcset=\"https:\/\/www.omccable.com\/wp-content\/uploads\/2024\/04\/20161029120811_101.jpg 1100w, https:\/\/www.omccable.com\/wp-content\/uploads\/2024\/04\/20161029120811_101-300x135.jpg 300w, https:\/\/www.omccable.com\/wp-content\/uploads\/2024\/04\/20161029120811_101-800x359.jpg 800w, https:\/\/www.omccable.com\/wp-content\/uploads\/2024\/04\/20161029120811_101-768x345.jpg 768w\" sizes=\"(max-width: 1100px) 100vw, 1100px\" \/><\/p>","protected":false},"excerpt":{"rendered":"<p>Einf\u00fchrung:   Das selbsttragende FTTH-Drop-Kabel besteht aus einer oder zwei Singlemode-Fasern (G.657A1). Das Kabel ist durch ein durchschlagsfestes Element aus glasfaserverst\u00e4rktem Kunststoff (FRP), Stahldraht und einem LSZH-Au\u00dfenmantel gesch\u00fctzt. Das f\u00fcr die Au\u00dfeninstallation konzipierte Kabel eignet sich gut f\u00fcr Verbindungen zwischen dem Kuppelverschluss und kleinen Wohngeb\u00e4uden.<\/p>","protected":false},"featured_media":10617,"comment_status":"closed","ping_status":"closed","template":"","meta":{"site-sidebar-layout":"default","site-content-layout":"","ast-site-content-layout":"default","site-content-style":"default","site-sidebar-style":"default","ast-global-header-display":"","ast-banner-title-visibility":"","ast-main-header-display":"","ast-hfb-above-header-display":"","ast-hfb-below-header-display":"","ast-hfb-mobile-header-display":"","site-post-title":"","ast-breadcrumbs-content":"","ast-featured-img":"","footer-sml-layout":"","theme-transparent-header-meta":"default","adv-header-id-meta":"","stick-header-meta":"default","header-above-stick-meta":"","header-main-stick-meta":"","header-below-stick-meta":"","astra-migrate-meta-layouts":"set","ast-page-background-enabled":"default","ast-page-background-meta":{"desktop":{"background-color":"var(--ast-global-color-4)","background-image":"","background-repeat":"repeat","background-position":"center center","background-size":"auto","background-attachment":"scroll","background-type":"","background-media":"","overlay-type":"","overlay-color":"","overlay-gradient":""},"tablet":{"background-color":"","background-image":"","background-repeat":"repeat","background-position":"center center","background-size":"auto","background-attachment":"scroll","background-type":"","background-media":"","overlay-type":"","overlay-color":"","overlay-gradient":""},"mobile":{"background-color":"","background-image":"","background-repeat":"repeat","background-position":"center center","background-size":"auto","background-attachment":"scroll","background-type":"","background-media":"","overlay-type":"","overlay-color":"","overlay-gradient":""}},"ast-content-background-meta":{"desktop":{"background-color":"var(--ast-global-color-5)","background-image":"","background-repeat":"repeat","background-position":"center center","background-size":"auto","background-attachment":"scroll","background-type":"","background-media":"","overlay-type":"","overlay-color":"","overlay-gradient":""},"tablet":{"background-color":"var(--ast-global-color-5)","background-image":"","background-repeat":"repeat","background-position":"center center","background-size":"auto","background-attachment":"scroll","background-type":"","background-media":"","overlay-type":"","overlay-color":"","overlay-gradient":""},"mobile":{"background-color":"var(--ast-global-color-5)","background-image":"","background-repeat":"repeat","background-position":"center center","background-size":"auto","background-attachment":"scroll","background-type":"","background-media":"","overlay-type":"","overlay-color":"","overlay-gradient":""}}},"product_cat":[135,122],"product_tag":[],"class_list":{"0":"post-10615","1":"product","2":"type-product","3":"status-publish","4":"has-post-thumbnail","6":"product_cat-aerial-self-support-ftth-drop-cable","7":"product_cat-ftth-drop-cable","8":"desktop-align-left","9":"tablet-align-left","10":"mobile-align-left","11":"ast-product-gallery-layout-horizontal-slider","12":"ast-product-tabs-layout-horizontal","14":"first","15":"instock","16":"shipping-taxable","17":"product-type-simple"},"acf":[],"_links":{"self":[{"href":"https:\/\/www.omccable.com\/de\/wp-json\/wp\/v2\/product\/10615","targetHints":{"allow":["GET"]}}],"collection":[{"href":"https:\/\/www.omccable.com\/de\/wp-json\/wp\/v2\/product"}],"about":[{"href":"https:\/\/www.omccable.com\/de\/wp-json\/wp\/v2\/types\/product"}],"replies":[{"embeddable":true,"href":"https:\/\/www.omccable.com\/de\/wp-json\/wp\/v2\/comments?post=10615"}],"version-history":[{"count":1,"href":"https:\/\/www.omccable.com\/de\/wp-json\/wp\/v2\/product\/10615\/revisions"}],"predecessor-version":[{"id":10620,"href":"https:\/\/www.omccable.com\/de\/wp-json\/wp\/v2\/product\/10615\/revisions\/10620"}],"wp:featuredmedia":[{"embeddable":true,"href":"https:\/\/www.omccable.com\/de\/wp-json\/wp\/v2\/media\/10617"}],"wp:attachment":[{"href":"https:\/\/www.omccable.com\/de\/wp-json\/wp\/v2\/media?parent=10615"}],"wp:term":[{"taxonomy":"product_cat","embeddable":true,"href":"https:\/\/www.omccable.com\/de\/wp-json\/wp\/v2\/product_cat?post=10615"},{"taxonomy":"product_tag","embeddable":true,"href":"https:\/\/www.omccable.com\/de\/wp-json\/wp\/v2\/product_tag?post=10615"}],"curies":[{"name":"wp","href":"https:\/\/api.w.org\/{rel}","templated":true}]}}