{"id":10593,"date":"2024-04-27T09:21:35","date_gmt":"2024-04-27T01:21:35","guid":{"rendered":"https:\/\/www.omccable.com\/?post_type=product&#038;p=10593"},"modified":"2025-07-28T10:25:12","modified_gmt":"2025-07-28T02:25:12","slug":"2-cores-2x3mm-butterfly-flat-ftth-drop-cable","status":"publish","type":"product","link":"https:\/\/www.omccable.com\/de\/produkt\/2-cores-2x3mm-butterfly-flat-ftth-drop-cable\/","title":{"rendered":"2-adriges 2x3-mm-Butterfly-Flach-FTTH-Abzweigkabel"},"content":{"rendered":"<p>Das 2-adrige 2x3-mm-Butterfly-Flach-FTTH-Drop-Kabel verwendet eine Butterfly-Flachstruktur. 2 St\u00fcck SM G657A1 oder G657A2 Glasfasereinheiten sind in der Mitte positioniert. Zwei parallele St\u00e4be aus faserverst\u00e4rktem Kunststoff (FRP) werden diametral gegen\u00fcberliegend auf beiden Seiten des Faserkerns platziert. Die Verst\u00e4rkungsst\u00e4be und der Faserkern werden dann in einen haltbaren LSZH-Mantel eingekapselt, um einen flachen Kabelquerschnitt zu schaffen und dem Kabelkern zus\u00e4tzlichen Schutz zu verleihen.<\/p>\n<p>Dieses FTTH-Indoor-Drop-Kabel ist f\u00fcr Glasfaserinstallationen zu Hause konzipiert.<\/p>\n<p>&nbsp;<\/p>\n<p><strong>Kabelstruktur und Parameter<\/strong><\/p>\n<table>\n<tbody>\n<tr>\n<td width=\"166\"><strong>Artikel<\/strong><\/td>\n<td width=\"103\"><strong>Inhalt<\/strong><\/td>\n<td width=\"75\"><strong>Einheit<\/strong><\/td>\n<td width=\"367\"><strong>V<\/strong><strong>Wert<\/strong><\/td>\n<\/tr>\n<tr>\n<td width=\"166\">Optische Faser<\/td>\n<td width=\"103\">\/<\/td>\n<td width=\"75\">\/<\/td>\n<td width=\"367\">2<\/td>\n<\/tr>\n<tr>\n<td rowspan=\"2\" width=\"166\">Kraftmitglied<\/td>\n<td width=\"103\">Material<\/td>\n<td width=\"75\">\/<\/td>\n<td width=\"367\">FRP<\/td>\n<\/tr>\n<tr>\n<td width=\"103\">Durchmesser<\/td>\n<td width=\"75\">mm<\/td>\n<td width=\"367\">0.5<\/td>\n<\/tr>\n<tr>\n<td rowspan=\"2\" width=\"166\">Messenger-Draht<\/td>\n<td width=\"103\">Material<\/td>\n<td width=\"75\">\/<\/td>\n<td width=\"367\">\/<\/td>\n<\/tr>\n<tr>\n<td width=\"103\">Durchmesser<\/td>\n<td width=\"75\">mm<\/td>\n<td width=\"367\">\/<\/td>\n<\/tr>\n<tr>\n<td rowspan=\"3\" width=\"166\">Au\u00dfenjacke<\/td>\n<td width=\"103\">Durchmesser<\/td>\n<td width=\"75\">mm<\/td>\n<td width=\"367\">3,0(\u00b10,1)*2,0(\u00b10,1) mm<\/td>\n<\/tr>\n<tr>\n<td width=\"103\">Material<\/td>\n<td width=\"75\">\/<\/td>\n<td width=\"367\">LSZH<\/td>\n<\/tr>\n<tr>\n<td width=\"103\">Farbe<\/td>\n<td width=\"75\">\/<\/td>\n<td width=\"367\">White<\/td>\n<\/tr>\n<tr>\n<td rowspan=\"2\" width=\"166\">Zugleistung<\/td>\n<td width=\"103\">Kurzfristig<\/td>\n<td width=\"75\">N<\/td>\n<td width=\"367\">100<\/td>\n<\/tr>\n<tr>\n<td width=\"103\">Langfristig<\/td>\n<td width=\"75\">N<\/td>\n<td width=\"367\">50<\/td>\n<\/tr>\n<tr>\n<td rowspan=\"2\" width=\"166\">Zerquetschen<\/td>\n<td width=\"103\">Kurzfristig<\/td>\n<td width=\"75\">N\/100mm<\/td>\n<td width=\"367\">1000<\/td>\n<\/tr>\n<tr>\n<td width=\"103\">Langfristig<\/td>\n<td width=\"75\">N\/100mm<\/td>\n<td width=\"367\">500<\/td>\n<\/tr>\n<tr>\n<td colspan=\"2\" width=\"269\">Kabeld\u00e4mpfung<\/td>\n<td width=\"75\">dB\/km<\/td>\n<td width=\"367\">\u2266 0,4 bei 1310 nm, \u2266 0,3 bei 1550 nm<\/td>\n<\/tr>\n<tr>\n<td colspan=\"2\" width=\"269\">Kabelgewicht (ca.)<\/td>\n<td width=\"75\">kg\/km<\/td>\n<td width=\"367\">8.4<\/td>\n<\/tr>\n<\/tbody>\n<\/table>\n<p>Hinweis: Gr\u00f6\u00dfen und Werte ohne Toleranzen sind Nennwerte<\/p>\n<p>&nbsp;<\/p>\n<p><strong style=\"font-size: 16px;\">Charakteristisch f\u00fcr optische Kabel<\/strong><\/p>\n<p>3,1 Min. Biegeradius (ohne Messenger)<\/p>\n<p>Statisch: 20 mm<\/p>\n<p>Dynamisch: 40 mm<\/p>\n<p>3.2 Anwendungstemperaturbereich<\/p>\n<p>Betrieb:  \u2013 40 \u2103 ~ +70 \u2103<\/p>\n<p>Installation: -10\u2103 bis +60\u2103<\/p>\n<p>Lagerung\/Transport:  \u2013 40 \u2103 ~ +70 \u2103<\/p>\n<p>&nbsp;<\/p>\n<p><strong>Wichtigster mechanischer und umweltbezogener Leistungstest<\/strong><\/p>\n<table>\n<tbody>\n<tr>\n<td width=\"22.0400%\"><strong>Artikel<\/strong><\/td>\n<td width=\"38.9800%\"><strong>Testmethode<\/strong><\/td>\n<td width=\"38.9800%\"><strong>Annahmebedingung<\/strong><\/td>\n<\/tr>\n<tr>\n<td width=\"22.0400%\">Zugfestigkeit<\/p>\n<p>IEC 60794-1-2-E1<\/td>\n<td width=\"38.9800%\">\u2013 Belastung: Kurzzeitige Spannung<\/p>\n<p>\u2013 Kabell\u00e4nge: \u2265 50m<\/p>\n<p>\u2013 Ladezeit: 1min<\/td>\n<td width=\"38.9800%\">\u2013 Faserbelastung \u00a3 0,6%<\/p>\n<p>\u2013 Verlust\u00e4nderung \u00a3 0,2dB@1550nm nach dem Test.<\/p>\n<p>\u2013 Kein Faserbruch und keine Mantelbesch\u00e4digung.<\/td>\n<\/tr>\n<tr>\n<td width=\"22.0400%\">Drucktest<\/p>\n<p>IEC 60794-1-2-E3<\/td>\n<td width=\"38.9800%\">\u2013 Belastung: Kurzzeitiger Stau<\/p>\n<p>\u2013 Ladezeit: 1min<\/td>\n<td width=\"38.9800%\">\u2013 Verlust\u00e4nderung \u00a3 0,2dB@1550nm nach dem Test.<\/p>\n<p>\u2013 Kein Faserbruch und keine Mantelbesch\u00e4digung.<\/td>\n<\/tr>\n<tr>\n<td width=\"22.0400%\">Flammenausbreitung<\/p>\n<p>IEC 60332-1-2<\/td>\n<td colspan=\"2\" width=\"77.9600%\">\u2013 Bestehen Sie den Test auf vertikale Flammenausbreitung f\u00fcr einen einzelnen isolierten Draht oder ein einzelnes Kabel<\/td>\n<\/tr>\n<\/tbody>\n<\/table>\n<p>&nbsp;<\/p>\n<p><strong>Art und Eigenschaften optischer Fasern<\/strong><\/p>\n<table>\n<tbody>\n<tr>\n<td rowspan=\"2\" width=\"167\"><strong><b>Parameter<\/b><\/strong><\/td>\n<td rowspan=\"2\" width=\"96\"><strong><b>Bedingungen<\/b><\/strong><\/td>\n<td rowspan=\"2\" width=\"85\"><strong><b>Einheiten<\/b><\/strong><\/td>\n<td colspan=\"4\" width=\"330\"><strong><b>Wert<\/b><\/strong><\/td>\n<\/tr>\n<tr>\n<td width=\"85\"><strong><b>G652D<\/b><\/strong><\/td>\n<td width=\"85\"><strong><b>G657A1<\/b><\/strong><\/td>\n<td width=\"85\"><strong><b>G657A2<\/b><\/strong><\/td>\n<td width=\"75\"><strong><b>G657B3<\/b><\/strong><\/td>\n<\/tr>\n<tr>\n<td colspan=\"3\" width=\"349\"><strong><b>Optische Spezifikation<\/b><\/strong><\/td>\n<td colspan=\"4\" width=\"330\"><strong><b>\u3000<\/b><\/strong><\/td>\n<\/tr>\n<tr>\n<td rowspan=\"4\" width=\"167\">D\u00e4mpfung<\/td>\n<td width=\"96\">1310 nm<\/td>\n<td width=\"85\">dB\/km<\/td>\n<td width=\"85\">\u22640,350<\/td>\n<td width=\"85\">\u22640,350<\/td>\n<td width=\"85\">\u22640,350<\/td>\n<td width=\"75\">\u22640,350<\/td>\n<\/tr>\n<tr>\n<td width=\"96\">1383 nm<\/td>\n<td width=\"85\">dB\/km<\/td>\n<td width=\"85\">\u22640,330<\/td>\n<td width=\"85\">\u22640,350<\/td>\n<td width=\"85\">\u22640,350<\/td>\n<td width=\"75\">\u22640,350<\/td>\n<\/tr>\n<tr>\n<td width=\"96\">1550 nm<\/td>\n<td width=\"85\">dB\/km<\/td>\n<td width=\"85\">\u22640,210<\/td>\n<td width=\"85\">\u22640,210<\/td>\n<td width=\"85\">\u22640,210<\/td>\n<td width=\"75\">\u22640,210<\/td>\n<\/tr>\n<tr>\n<td width=\"96\">1625 nm<\/td>\n<td width=\"85\">dB\/km<\/td>\n<td width=\"85\">\u22640,240<\/td>\n<td width=\"85\">\u22640,230<\/td>\n<td width=\"85\">\u22640,230<\/td>\n<td width=\"75\">\u22640,230<\/td>\n<\/tr>\n<tr>\n<td rowspan=\"3\" width=\"167\">D\u00e4mpfung vs. Wellenl\u00e4nge<\/td>\n<td width=\"96\">1310 nm VS. 1285-1330 nm<\/td>\n<td width=\"85\">dB\/km<\/td>\n<td width=\"85\">\u22640,04<\/td>\n<td width=\"85\">\u22640,04<\/td>\n<td width=\"85\">\u22640,05<\/td>\n<td width=\"75\">\u22640,03<\/td>\n<\/tr>\n<tr>\n<td width=\"96\">1550 nm VS. 1525\u20131575 nm<\/td>\n<td width=\"85\">dB\/km<\/td>\n<td width=\"85\">\u22640,03<\/td>\n<td width=\"85\">\u22640,03<\/td>\n<td width=\"85\">\u22640,04<\/td>\n<td width=\"75\">\u22640,02<\/td>\n<\/tr>\n<tr>\n<td width=\"96\">1550 nm VS. 1480-1580 nm<\/td>\n<td width=\"85\">dB\/km<\/td>\n<td width=\"85\">\u22640,04<\/td>\n<td width=\"85\">\u2013<\/td>\n<td width=\"85\">\u2013<\/td>\n<td width=\"75\">\u2013<\/td>\n<\/tr>\n<tr>\n<td width=\"167\">Nulldispersionswellenl\u00e4nge<\/td>\n<td rowspan=\"2\" width=\"96\">\\<\/td>\n<td width=\"85\">nm<\/td>\n<td width=\"85\">1300-1324<\/td>\n<td width=\"85\">1300-1324<\/td>\n<td width=\"85\">1300-1324<\/td>\n<td width=\"75\">1300-1324<\/td>\n<\/tr>\n<tr>\n<td width=\"167\">Nulldispersionssteigung<\/td>\n<td width=\"85\">ps\/(nm<sup>2<\/sup>\u00b7km)<\/td>\n<td width=\"85\">0.073-0.092<\/td>\n<td width=\"85\">0.073-0.092<\/td>\n<td width=\"85\">0.073-0.092<\/td>\n<td width=\"75\">\u22640,092<\/td>\n<\/tr>\n<tr>\n<td rowspan=\"2\" width=\"167\">Streuung<\/td>\n<td width=\"96\">1550 nm<\/td>\n<td width=\"85\">ps\/(nm\u00b7km)<\/td>\n<td width=\"85\">13.3-18.6<\/td>\n<td width=\"85\">13.3-18.6<\/td>\n<td width=\"85\">13.3-18.6<\/td>\n<td width=\"75\"><\/td>\n<\/tr>\n<tr>\n<td width=\"96\">1625 nm<\/td>\n<td width=\"85\">ps\/(nm\u00b7km)<\/td>\n<td width=\"85\">17.2-23.7<\/td>\n<td width=\"85\">17.2-23.7<\/td>\n<td width=\"85\">17.2-23.7<\/td>\n<td width=\"75\"><\/td>\n<\/tr>\n<tr>\n<td colspan=\"2\" width=\"264\">Polarisationsmodendispersion (PMD)<\/td>\n<td width=\"85\">ps\/\u221akm<\/td>\n<td width=\"85\">\u22640,2<\/td>\n<td width=\"85\">\u22640,2<\/td>\n<td width=\"85\">\u22640,2<\/td>\n<td width=\"75\">\u22640,2<\/td>\n<\/tr>\n<tr>\n<td width=\"167\">Grenzwellenl\u00e4nge \u03bbcc<\/td>\n<td width=\"96\">\u2013<\/td>\n<td width=\"85\">nm<\/td>\n<td width=\"85\">\u22641260<\/td>\n<td width=\"85\">\u22641260<\/td>\n<td width=\"85\">\u22641260<\/td>\n<td width=\"75\">\u22641260<\/td>\n<\/tr>\n<tr>\n<td rowspan=\"2\" width=\"167\">Modenfelddurchmesser (MFD)<\/td>\n<td width=\"96\">1310 nm<\/td>\n<td width=\"85\">\u03bcm<\/td>\n<td width=\"85\">9,2 \u00b1 0,4<\/td>\n<td width=\"85\">9,2 \u00b1 0,4<\/td>\n<td width=\"85\">8,6 \u00b1 0,4<\/td>\n<td width=\"75\">8,6 \u00b1 0,4<\/td>\n<\/tr>\n<tr>\n<td width=\"96\">1550 nm<\/td>\n<td width=\"85\">\u03bcm<\/td>\n<td width=\"85\">10,4 \u00b1 0,5<\/td>\n<td width=\"85\">10,4 \u00b1 0,5<\/td>\n<td width=\"85\">9,6 \u00b1 0,5<\/td>\n<td width=\"75\">9,6 \u00b1 0,5<\/td>\n<\/tr>\n<tr>\n<td rowspan=\"2\" width=\"167\">D\u00e4mpfungsdiskontinuit\u00e4t<\/td>\n<td width=\"96\">1310 nm<\/td>\n<td width=\"85\">dB<\/td>\n<td width=\"85\">\u22640,03<\/td>\n<td width=\"85\">\u22640,03<\/td>\n<td width=\"85\">\u22640,03<\/td>\n<td width=\"75\">\u22640,03<\/td>\n<\/tr>\n<tr>\n<td width=\"96\">1550 nm<\/td>\n<td width=\"85\">dB<\/td>\n<td width=\"85\">\u22640,03<\/td>\n<td width=\"85\">\u22640,03<\/td>\n<td width=\"85\">\u22640,03<\/td>\n<td width=\"75\">\u22640,03<\/td>\n<\/tr>\n<tr>\n<td rowspan=\"2\" width=\"167\">Bidirektionale D\u00e4mpfung<\/td>\n<td width=\"96\">1310 nm<\/td>\n<td width=\"85\">dB\/km<\/td>\n<td width=\"85\">\u22640,04<\/td>\n<td width=\"85\"><\/td>\n<td width=\"85\"><\/td>\n<td width=\"75\">\u22640,05<\/td>\n<\/tr>\n<tr>\n<td width=\"96\">1550 nm<\/td>\n<td width=\"85\">dB\/km<\/td>\n<td width=\"85\">\u22640,04<\/td>\n<td width=\"85\"><\/td>\n<td width=\"85\"><\/td>\n<td width=\"75\">\u22640,05<\/td>\n<\/tr>\n<tr>\n<td colspan=\"3\" width=\"349\"><strong><b>Geometrisch<\/b><\/strong><\/td>\n<td colspan=\"4\" width=\"330\"><\/td>\n<\/tr>\n<tr>\n<td colspan=\"2\" width=\"264\">Manteldurchmesser<\/td>\n<td width=\"85\">\u03bcm<\/td>\n<td width=\"85\">125\u00b10,7<\/td>\n<td width=\"85\">125\u00b10,7<\/td>\n<td width=\"85\">125\u00b10,7<\/td>\n<td width=\"75\">125\u00b10,7<\/td>\n<\/tr>\n<tr>\n<td colspan=\"2\" width=\"264\">Unrundheit der Verkleidung<\/td>\n<td width=\"85\">%<\/td>\n<td width=\"85\">\u22641,0<\/td>\n<td width=\"85\">\u22641,0<\/td>\n<td width=\"85\">\u22640,8<\/td>\n<td width=\"75\">\u22640,7<\/td>\n<\/tr>\n<tr>\n<td colspan=\"2\" width=\"264\">Kern-\/Mantel-Konzentrizit\u00e4tsfehler<\/td>\n<td width=\"85\">\u03bcm<\/td>\n<td width=\"85\">\u22640,6<\/td>\n<td width=\"85\">\u22640,5<\/td>\n<td width=\"85\">\u22640,5<\/td>\n<td width=\"75\">\u22640,5<\/td>\n<\/tr>\n<tr>\n<td colspan=\"2\" rowspan=\"2\" width=\"264\">Beschichtungsdurchmesser (ungef\u00e4rbt)<\/td>\n<td width=\"85\">\u03bcm<\/td>\n<td colspan=\"4\" width=\"330\">242\u00b17 (Standard)<\/td>\n<\/tr>\n<tr>\n<td width=\"85\">\u03bcm<\/td>\n<td colspan=\"4\" width=\"330\">200\u00b110 (optional)<\/td>\n<\/tr>\n<tr>\n<td colspan=\"2\" width=\"264\">Konzentrizit\u00e4tsfehler der Beschichtung\/Verkleidung<\/td>\n<td width=\"85\">\u03bcm<\/td>\n<td width=\"85\">\u226412<\/td>\n<td width=\"85\">\u226412<\/td>\n<td width=\"85\">\u226412<\/td>\n<td width=\"75\">\u226412<\/td>\n<\/tr>\n<tr>\n<td colspan=\"2\" width=\"264\">Locken<\/td>\n<td width=\"85\">m<\/td>\n<td width=\"85\">\u22654<\/td>\n<td width=\"85\">\u22654<\/td>\n<td width=\"85\">\u22654<\/td>\n<td width=\"75\">\u22654<\/td>\n<\/tr>\n<tr>\n<td colspan=\"3\" width=\"349\"><strong><b>Umwelt (1550 nm, 1625 nm)<\/b><\/strong><\/td>\n<td colspan=\"4\" width=\"330\"><\/td>\n<\/tr>\n<tr>\n<td width=\"167\">Temperaturwechsel<\/td>\n<td width=\"96\">-60\u2103 bis +85\u2103<\/td>\n<td width=\"85\">dB\/km<\/td>\n<td width=\"85\">\u22640,03<\/td>\n<td width=\"85\">\u22640,05<\/td>\n<td width=\"85\">\u22640,05<\/td>\n<td width=\"75\">\u22640,05<\/td>\n<\/tr>\n<tr>\n<td width=\"167\">Hohe Temperatur &amp;<\/p>\n<p>Hohe Luftfeuchtigkeit<\/td>\n<td width=\"96\">85\u2103, 85% RH, 30 Tage<\/td>\n<td width=\"85\">dB\/km<\/td>\n<td width=\"85\">\u22640,03<\/td>\n<td width=\"85\">\u22640,05<\/td>\n<td width=\"85\">\u22640,05<\/td>\n<td width=\"75\">\u22640,05<\/td>\n<\/tr>\n<tr>\n<td width=\"167\">Eintauchen in Wasser<\/td>\n<td width=\"96\">23\u2103, 30 Tage<\/td>\n<td width=\"85\">dB\/km<\/td>\n<td width=\"85\">\u22640,03<\/td>\n<td width=\"85\">\u22640,05<\/td>\n<td width=\"85\">\u22640,05<\/td>\n<td width=\"75\">\u22640,05<\/td>\n<\/tr>\n<tr>\n<td width=\"167\">Hochtemperaturalterung<\/td>\n<td width=\"96\">85\u2103, 30 Tage<\/td>\n<td width=\"85\">dB\/km<\/td>\n<td width=\"85\">\u22640,03<\/td>\n<td width=\"85\">\u22640,05<\/td>\n<td width=\"85\">\u22640,05<\/td>\n<td width=\"75\">\u22640,05<\/td>\n<\/tr>\n<\/tbody>\n<\/table>\n<p>&nbsp;<\/p>\n<p><strong>Anwendung:<\/strong><\/p>\n<p>Zugangsnetzwerk<\/p>\n<p>Lokales Netzwerk (LAN)<\/p>\n<p>Verwendete Endbenutzer-Direktverkabelung<\/p>\n<p>Glasfaser-Kommunikationssystem<\/p>\n<p>FTTH-Innenverkabelung und -Verteilung (Fiber to the Home)<\/p>\n<p>&nbsp;<\/p>\n<p><strong>Ideale Verwendung des Butterfly Flat Indoor FTTH Drop-Kabels<\/strong><\/p>\n<p>Das Butterfly Flat Indoor Drop-Kabel wird h\u00e4ufig in FTTH-Netzwerksystemen (Fiber to the Home) verwendet, mit denen die Kommunikationsleitung vom LAN direkt mit den Endbenutzern verbunden werden kann. Das Butterfly-Flachkabel verwendet eine spezielle Faser mit geringer Biegeempfindlichkeit, um eine hohe Bandbreite und eine hervorragende Kommunikations\u00fcbertragung zu gew\u00e4hrleisten. Es eignet sich sehr gut f\u00fcr die Verkabelung in Innenr\u00e4umen, die direkte Verkabelung von Endbenutzern und f\u00fcr Zugangsnetzwerke.<\/p>\n<p><img fetchpriority=\"high\" decoding=\"async\" class=\"alignnone size-full wp-image-10600\" src=\"https:\/\/www.omccable.com\/wp-content\/uploads\/2024\/04\/20161031140453_334-1.jpg\" alt=\"2 cores 2x3mm Butterfly flat FTTH drop cable\" width=\"1100\" height=\"452\" srcset=\"https:\/\/www.omccable.com\/wp-content\/uploads\/2024\/04\/20161031140453_334-1.jpg 1100w, https:\/\/www.omccable.com\/wp-content\/uploads\/2024\/04\/20161031140453_334-1-300x123.jpg 300w, https:\/\/www.omccable.com\/wp-content\/uploads\/2024\/04\/20161031140453_334-1-800x329.jpg 800w, https:\/\/www.omccable.com\/wp-content\/uploads\/2024\/04\/20161031140453_334-1-768x316.jpg 768w\" sizes=\"(max-width: 1100px) 100vw, 1100px\" \/><\/p>","protected":false},"excerpt":{"rendered":"<p>Das 2-adrige 2x3-mm-Butterfly-Flach-FTTH-Drop-Kabel verwendet eine Butterfly-Flachstruktur. 2 St\u00fcck SM G657A1 oder G657A2 Glasfasereinheiten sind in der Mitte positioniert. Zwei parallele St\u00e4be aus faserverst\u00e4rktem Kunststoff (FRP) werden diametral gegen\u00fcberliegend auf beiden Seiten des Faserkerns platziert. Die Festigkeitstr\u00e4gerst\u00e4be und der Faserkern werden dann in [\u2026] eingekapselt.<\/p>","protected":false},"featured_media":10595,"comment_status":"closed","ping_status":"closed","template":"","meta":{"site-sidebar-layout":"default","site-content-layout":"","ast-site-content-layout":"default","site-content-style":"default","site-sidebar-style":"default","ast-global-header-display":"","ast-banner-title-visibility":"","ast-main-header-display":"","ast-hfb-above-header-display":"","ast-hfb-below-header-display":"","ast-hfb-mobile-header-display":"","site-post-title":"","ast-breadcrumbs-content":"","ast-featured-img":"","footer-sml-layout":"","theme-transparent-header-meta":"default","adv-header-id-meta":"","stick-header-meta":"default","header-above-stick-meta":"","header-main-stick-meta":"","header-below-stick-meta":"","astra-migrate-meta-layouts":"set","ast-page-background-enabled":"default","ast-page-background-meta":{"desktop":{"background-color":"var(--ast-global-color-4)","background-image":"","background-repeat":"repeat","background-position":"center center","background-size":"auto","background-attachment":"scroll","background-type":"","background-media":"","overlay-type":"","overlay-color":"","overlay-gradient":""},"tablet":{"background-color":"","background-image":"","background-repeat":"repeat","background-position":"center center","background-size":"auto","background-attachment":"scroll","background-type":"","background-media":"","overlay-type":"","overlay-color":"","overlay-gradient":""},"mobile":{"background-color":"","background-image":"","background-repeat":"repeat","background-position":"center center","background-size":"auto","background-attachment":"scroll","background-type":"","background-media":"","overlay-type":"","overlay-color":"","overlay-gradient":""}},"ast-content-background-meta":{"desktop":{"background-color":"var(--ast-global-color-5)","background-image":"","background-repeat":"repeat","background-position":"center center","background-size":"auto","background-attachment":"scroll","background-type":"","background-media":"","overlay-type":"","overlay-color":"","overlay-gradient":""},"tablet":{"background-color":"var(--ast-global-color-5)","background-image":"","background-repeat":"repeat","background-position":"center center","background-size":"auto","background-attachment":"scroll","background-type":"","background-media":"","overlay-type":"","overlay-color":"","overlay-gradient":""},"mobile":{"background-color":"var(--ast-global-color-5)","background-image":"","background-repeat":"repeat","background-position":"center center","background-size":"auto","background-attachment":"scroll","background-type":"","background-media":"","overlay-type":"","overlay-color":"","overlay-gradient":""}}},"product_cat":[134,122],"product_tag":[],"class_list":{"0":"post-10593","1":"product","2":"type-product","3":"status-publish","4":"has-post-thumbnail","6":"product_cat-butterfly-flat-ftth-drop-cable","7":"product_cat-ftth-drop-cable","8":"desktop-align-left","9":"tablet-align-left","10":"mobile-align-left","11":"ast-product-gallery-layout-horizontal-slider","12":"ast-product-tabs-layout-horizontal","14":"first","15":"instock","16":"shipping-taxable","17":"product-type-simple"},"acf":[],"_links":{"self":[{"href":"https:\/\/www.omccable.com\/de\/wp-json\/wp\/v2\/product\/10593","targetHints":{"allow":["GET"]}}],"collection":[{"href":"https:\/\/www.omccable.com\/de\/wp-json\/wp\/v2\/product"}],"about":[{"href":"https:\/\/www.omccable.com\/de\/wp-json\/wp\/v2\/types\/product"}],"replies":[{"embeddable":true,"href":"https:\/\/www.omccable.com\/de\/wp-json\/wp\/v2\/comments?post=10593"}],"version-history":[{"count":5,"href":"https:\/\/www.omccable.com\/de\/wp-json\/wp\/v2\/product\/10593\/revisions"}],"predecessor-version":[{"id":13283,"href":"https:\/\/www.omccable.com\/de\/wp-json\/wp\/v2\/product\/10593\/revisions\/13283"}],"wp:featuredmedia":[{"embeddable":true,"href":"https:\/\/www.omccable.com\/de\/wp-json\/wp\/v2\/media\/10595"}],"wp:attachment":[{"href":"https:\/\/www.omccable.com\/de\/wp-json\/wp\/v2\/media?parent=10593"}],"wp:term":[{"taxonomy":"product_cat","embeddable":true,"href":"https:\/\/www.omccable.com\/de\/wp-json\/wp\/v2\/product_cat?post=10593"},{"taxonomy":"product_tag","embeddable":true,"href":"https:\/\/www.omccable.com\/de\/wp-json\/wp\/v2\/product_tag?post=10593"}],"curies":[{"name":"wp","href":"https:\/\/api.w.org\/{rel}","templated":true}]}}